{"id":1472,"date":"2025-04-12T11:22:38","date_gmt":"2025-04-12T11:22:38","guid":{"rendered":"https:\/\/tremezzina.visitlakecomo.info\/region"},"modified":"2025-06-17T09:46:02","modified_gmt":"2025-06-17T09:46:02","slug":"region","status":"publish","type":"page","link":"https:\/\/tremezzina.visitlakecomo.info\/de\/region","title":{"rendered":"Region"},"content":{"rendered":"<p>Natur, Kunst, Spiritualit\u00e4t, Outdoor: Entdecken Sie, was es in Tremezzina w\u00e4hrend Ihres Urlaubs zu sehen gibt.<\/p>","protected":false},"excerpt":{"rendered":"<p>Natur, Kunst, Spiritualit\u00e4t, Outdoor: Entdecken Sie, was es in Tremezzina w\u00e4hrend Ihres Urlaubs zu sehen gibt.<\/p>\n","protected":false},"author":1,"featured_media":0,"parent":0,"menu_order":0,"comment_status":"closed","ping_status":"closed","template":"page-templates\/pagina_box.php","meta":{"_acf_changed":false,"inline_featured_image":false,"footnotes":""},"class_list":["post-1472","page","type-page","status-publish","hentry"],"acf":[],"yoast_head":"<!-- This site is optimized with the Yoast SEO plugin v25.2 - https:\/\/yoast.com\/wordpress\/plugins\/seo\/ -->\n<title>Tremezzina: das Gebiet und seine Sch\u00f6nheiten - Entdecke Tremezzina<\/title>\n<meta name=\"description\" content=\"Natur, Kunst, Spiritualit\u00e4t, Outdoor: Erkunden Sie das Gebiet und entdecken Sie, was es in Tremezzina w\u00e4hrend Ihres Urlaubs zu sehen gibt.\" \/>\n<meta name=\"robots\" content=\"index, follow, max-snippet:-1, max-image-preview:large, max-video-preview:-1\" \/>\n<link rel=\"canonical\" href=\"https:\/\/tremezzina.visitlakecomo.info\/de\/region\" \/>\n<meta property=\"og:locale\" content=\"de_DE\" \/>\n<meta property=\"og:type\" content=\"article\" \/>\n<meta property=\"og:title\" content=\"Tremezzina: das Gebiet und seine Sch\u00f6nheiten - Entdecke Tremezzina\" \/>\n<meta property=\"og:description\" content=\"Natur, Kunst, Spiritualit\u00e4t, Outdoor: Erkunden Sie das Gebiet und entdecken Sie, was es in Tremezzina w\u00e4hrend Ihres Urlaubs zu sehen gibt.\" \/>\n<meta property=\"og:url\" content=\"https:\/\/tremezzina.visitlakecomo.info\/de\/region\" \/>\n<meta property=\"og:site_name\" content=\"Visit Tremezzina\" \/>\n<meta property=\"article:modified_time\" content=\"2025-06-17T09:46:02+00:00\" \/>\n<meta name=\"twitter:card\" content=\"summary_large_image\" \/>\n<script type=\"application\/ld+json\" class=\"yoast-schema-graph\">{\"@context\":\"https:\/\/schema.org\",\"@graph\":[{\"@type\":\"WebPage\",\"@id\":\"https:\/\/tremezzina.visitlakecomo.info\/de\/region\",\"url\":\"https:\/\/tremezzina.visitlakecomo.info\/de\/region\",\"name\":\"Tremezzina: das Gebiet und seine Sch\u00f6nheiten - Entdecke Tremezzina\",\"isPartOf\":{\"@id\":\"https:\/\/tremezzina.visitlakecomo.info\/#website\"},\"datePublished\":\"2025-04-12T11:22:38+00:00\",\"dateModified\":\"2025-06-17T09:46:02+00:00\",\"description\":\"Natur, Kunst, Spiritualit\u00e4t, Outdoor: Erkunden Sie das Gebiet und entdecken Sie, was es in Tremezzina w\u00e4hrend Ihres Urlaubs zu sehen gibt.\",\"breadcrumb\":{\"@id\":\"https:\/\/tremezzina.visitlakecomo.info\/de\/region#breadcrumb\"},\"inLanguage\":\"de\",\"potentialAction\":[{\"@type\":\"ReadAction\",\"target\":[\"https:\/\/tremezzina.visitlakecomo.info\/de\/region\"]}]},{\"@type\":\"BreadcrumbList\",\"@id\":\"https:\/\/tremezzina.visitlakecomo.info\/de\/region#breadcrumb\",\"itemListElement\":[{\"@type\":\"ListItem\",\"position\":1,\"name\":\"Home\",\"item\":\"https:\/\/tremezzina.visitlakecomo.info\/de\"},{\"@type\":\"ListItem\",\"position\":2,\"name\":\"Region\"}]},{\"@type\":\"WebSite\",\"@id\":\"https:\/\/tremezzina.visitlakecomo.info\/#website\",\"url\":\"https:\/\/tremezzina.visitlakecomo.info\/\",\"name\":\"Visit Tremezzina\",\"description\":\"\",\"potentialAction\":[{\"@type\":\"SearchAction\",\"target\":{\"@type\":\"EntryPoint\",\"urlTemplate\":\"https:\/\/tremezzina.visitlakecomo.info\/?s={search_term_string}\"},\"query-input\":{\"@type\":\"PropertyValueSpecification\",\"valueRequired\":true,\"valueName\":\"search_term_string\"}}],\"inLanguage\":\"de\"}]}<\/script>\n<!-- \/ Yoast SEO plugin. -->","yoast_head_json":{"title":"Tremezzina: das Gebiet und seine Sch\u00f6nheiten - Entdecke Tremezzina","description":"Natur, Kunst, Spiritualit\u00e4t, Outdoor: Erkunden Sie das Gebiet und entdecken Sie, was es in Tremezzina w\u00e4hrend Ihres Urlaubs zu sehen gibt.","robots":{"index":"index","follow":"follow","max-snippet":"max-snippet:-1","max-image-preview":"max-image-preview:large","max-video-preview":"max-video-preview:-1"},"canonical":"https:\/\/tremezzina.visitlakecomo.info\/de\/region","og_locale":"de_DE","og_type":"article","og_title":"Tremezzina: das Gebiet und seine Sch\u00f6nheiten - Entdecke Tremezzina","og_description":"Natur, Kunst, Spiritualit\u00e4t, Outdoor: Erkunden Sie das Gebiet und entdecken Sie, was es in Tremezzina w\u00e4hrend Ihres Urlaubs zu sehen gibt.","og_url":"https:\/\/tremezzina.visitlakecomo.info\/de\/region","og_site_name":"Visit Tremezzina","article_modified_time":"2025-06-17T09:46:02+00:00","twitter_card":"summary_large_image","schema":{"@context":"https:\/\/schema.org","@graph":[{"@type":"WebPage","@id":"https:\/\/tremezzina.visitlakecomo.info\/de\/region","url":"https:\/\/tremezzina.visitlakecomo.info\/de\/region","name":"Tremezzina: das Gebiet und seine Sch\u00f6nheiten - Entdecke Tremezzina","isPartOf":{"@id":"https:\/\/tremezzina.visitlakecomo.info\/#website"},"datePublished":"2025-04-12T11:22:38+00:00","dateModified":"2025-06-17T09:46:02+00:00","description":"Natur, Kunst, Spiritualit\u00e4t, Outdoor: Erkunden Sie das Gebiet und entdecken Sie, was es in Tremezzina w\u00e4hrend Ihres Urlaubs zu sehen gibt.","breadcrumb":{"@id":"https:\/\/tremezzina.visitlakecomo.info\/de\/region#breadcrumb"},"inLanguage":"de","potentialAction":[{"@type":"ReadAction","target":["https:\/\/tremezzina.visitlakecomo.info\/de\/region"]}]},{"@type":"BreadcrumbList","@id":"https:\/\/tremezzina.visitlakecomo.info\/de\/region#breadcrumb","itemListElement":[{"@type":"ListItem","position":1,"name":"Home","item":"https:\/\/tremezzina.visitlakecomo.info\/de"},{"@type":"ListItem","position":2,"name":"Region"}]},{"@type":"WebSite","@id":"https:\/\/tremezzina.visitlakecomo.info\/#website","url":"https:\/\/tremezzina.visitlakecomo.info\/","name":"Visit Tremezzina","description":"","potentialAction":[{"@type":"SearchAction","target":{"@type":"EntryPoint","urlTemplate":"https:\/\/tremezzina.visitlakecomo.info\/?s={search_term_string}"},"query-input":{"@type":"PropertyValueSpecification","valueRequired":true,"valueName":"search_term_string"}}],"inLanguage":"de"}]}},"_links":{"self":[{"href":"https:\/\/tremezzina.visitlakecomo.info\/de\/wp-json\/wp\/v2\/pages\/1472","targetHints":{"allow":["GET"]}}],"collection":[{"href":"https:\/\/tremezzina.visitlakecomo.info\/de\/wp-json\/wp\/v2\/pages"}],"about":[{"href":"https:\/\/tremezzina.visitlakecomo.info\/de\/wp-json\/wp\/v2\/types\/page"}],"author":[{"embeddable":true,"href":"https:\/\/tremezzina.visitlakecomo.info\/de\/wp-json\/wp\/v2\/users\/1"}],"replies":[{"embeddable":true,"href":"https:\/\/tremezzina.visitlakecomo.info\/de\/wp-json\/wp\/v2\/comments?post=1472"}],"version-history":[{"count":1,"href":"https:\/\/tremezzina.visitlakecomo.info\/de\/wp-json\/wp\/v2\/pages\/1472\/revisions"}],"predecessor-version":[{"id":1473,"href":"https:\/\/tremezzina.visitlakecomo.info\/de\/wp-json\/wp\/v2\/pages\/1472\/revisions\/1473"}],"wp:attachment":[{"href":"https:\/\/tremezzina.visitlakecomo.info\/de\/wp-json\/wp\/v2\/media?parent=1472"}],"curies":[{"name":"wp","href":"https:\/\/api.w.org\/{rel}","templated":true}]}}