{"id":1475,"date":"2025-04-12T11:23:47","date_gmt":"2025-04-12T11:23:47","guid":{"rendered":"https:\/\/tremezzina.visitlakecomo.info\/datenschutz"},"modified":"2025-08-18T08:21:14","modified_gmt":"2025-08-18T08:21:14","slug":"datenschutzerklaerung","status":"publish","type":"page","link":"https:\/\/tremezzina.visitlakecomo.info\/de\/datenschutzerklaerung","title":{"rendered":"Datenschutzerkl\u00e4rung"},"content":{"rendered":"<p><strong>Informationsschreiben gem\u00e4\u00df Art. 13 der EU-Verordnung 2016\/679 \u2013 Art. 13 des gesetzesvertretenden Dekrets 196\/2003 (Datenschutzgesetz)<\/strong><\/p><p>In Anwendung der Europ\u00e4ischen Verordnung Nr. 679\/2016 sowie des gesetzesvertretenden Dekrets Nr. 196\/2003 zum Schutz personenbezogener Daten wird mitgeteilt, dass der Verantwortliche f\u00fcr die Datenverarbeitung die Associazione Turistica Tremezzina, Via Lomazzi 23, 22016 Tremezzina (Como), Steuernummer 95127660132 (nachfolgend \u201eder Verantwortliche\u201c) ist.<\/p><p>Die Verarbeitung personenbezogener Daten erfolgt unter voller Beachtung der EU-Verordnung 679\/2016 und des gesetzesvertretenden Dekrets 196\/2003.<\/p><p><strong>ERHOBENE UND VERWENDETE INFORMATIONEN<\/strong><\/p><p>\u201ePersonenbezogene Daten\u201c oder \u201epers\u00f6nliche Informationen\u201c sind Daten, die Sie identifizieren, sich auf Sie beziehen, Sie beschreiben, zur Kontaktaufnahme mit Ihnen verwendet werden k\u00f6nnen oder vern\u00fcnftigerweise direkt oder indirekt auf Sie zur\u00fcckgef\u00fchrt werden k\u00f6nnen. In dieser Erkl\u00e4rung wird kein wesentlicher Unterschied zwischen diesen Begriffen gemacht.<\/p><p><strong>Direkt vom Nutzer bereitgestellte personenbezogene Daten. <\/strong>Wenn Sie unsere Dienste besuchen oder nutzen, erheben wir direkt von Ihnen folgende Kategorien personenbezogener Daten:<\/p><ul class=\"wp-block-list\"><li><strong>Pers\u00f6nliche Angaben <\/strong>(z.\u202fB. Name, Alter, Geburtsdatum, Geschlecht)<\/li>\n\n<li><strong>Kontaktdaten <\/strong>(z.\u202fB. E-Mail-Adresse, Telefonnummer, Anschrift)<\/li>\n\n<li><strong>Buchungsinformationen<\/strong><\/li>\n\n<li><strong>Zahlungsdaten <\/strong>(z.\u202fB. Kreditkarteninformationen, Rechnungsadresse)<\/li>\n\n<li><strong>Verfasste Bewertungen <\/strong>(einschlie\u00dflich m\u00f6glicher Pseudonyme oder weiterer personenbezogener Daten, die in Bewertungen \u00fcber sich selbst oder Dritte enthalten sind)<\/li>\n\n<li><strong>Mitteilungen an unseren Kundendienst <\/strong>(z.\u202fB. Anfragen, Nachrichten, Beschwerden)<\/li>\n\n<li><strong>Informationen im Zusammenhang mit Werbeaktionen <\/strong>(wir erfassen alle Informationen, die im Rahmen solcher Aktivit\u00e4ten bereitgestellt werden)<\/li>\n\n<li><strong>Weitere freiwillig bereitgestellte Informationen <\/strong>(z.\u202fB. zus\u00e4tzliche Angaben \u00fcber sich selbst oder andere, auch \u00fcber Drittanbieter-Plattformen, auf die Zugriff gew\u00e4hrt wird)<\/li><\/ul><p>Hinweis: Sie k\u00f6nnen sich entscheiden, bestimmte Informationen nicht bereitzustellen. Beachten Sie jedoch, dass einige Dienste ohne bestimmte personenbezogene Daten nicht verf\u00fcgbar sind.<\/p><p><strong>NUTZUNG DER BENUTZERINFORMATIONEN<\/strong><br>Wir verwenden die personenbezogenen Daten des Nutzers f\u00fcr die folgenden Zwecke (\u201eZwecke\u201c):<\/p><p>\u2022 <strong>Bereitstellung der Dienstleistungen,<\/strong> einschlie\u00dflich der \u00fcber unsere Dienstleistungen angebotenen Services, Produkte und Funktionen, sowie Erf\u00fcllung der Anfragen des Nutzers<br>\u2022 <strong>Kommunikation mit dem Nutzer<\/strong> \u00fcber die Nutzung unserer Dienstleistungen, Produkte und\/oder Funktionen (z.\u202fB. Anforderung von Bewertungen und Feedback, Versand von Warnhinweisen und Benachrichtigungen, Versand von Buchungsbest\u00e4tigungen, Versand von administrativen E-Mails und Mitteilungen im Zusammenhang mit der Datenverarbeitung oder anderen gesetzlich vorgeschriebenen Benachrichtigungen); auf Kommentare und Fragen des Nutzers eingehen oder diese beantworten; jegliche andere Art von Kundenservice bereitstellen<br>\u2022 <strong>Versand von Marketingmitteilungen an den Nutzer,<\/strong> einschlie\u00dflich Mitteilungen zu Dienstleistungen oder Produkten, die von der <strong>Associazione Turistica Tremezzina<\/strong>, Gesch\u00e4ftspartnern und Produktionspartnern sowie Vermittlern angeboten werden<br>\u2022 <strong>Weitergabe der Daten des Nutzers<\/strong> an Vermittler, technische und medizinische Berater sowie andere vergleichbare Stellen, die mit unserer Organisation zusammenarbeiten, um die mit Ihnen eingegangenen vertraglichen Verpflichtungen zu erf\u00fcllen; Stellen, die eine unmittelbar und unbedingt mit der T\u00e4tigkeit des Verantwortlichen verbundene Dienstleistung erbringen, wie Steuerberater, Banken, Spediteure, Versicherungen, \u00f6ffentliche und private Stellen, auch im Zusammenhang mit Inspektionen oder Pr\u00fcfungen; Stellen, die aufgrund gesetzlicher Bestimmungen Zugang zu den Daten haben<br>\u2022 <strong>Verwaltung und Verbesserung unserer Dienstleistungen sowie Entwicklung neuer Produkte und Services<\/strong>, auch unter Verwendung von Statistiken, um besser zu verstehen, wie Nutzer unsere Dienstleistungen verwenden, zur Produkt-, Website-, App- und Service-Entwicklung sowie zur Verbesserung des Nutzererlebnisses<br>\u2022 <strong>Verarbeitung der Zahlungsinformationen des Nutzers<\/strong><br>\u2022 <strong>Personalisierung des Nutzererlebnisses mit unseren Dienstleistungen,<\/strong> z.\u202fB. durch Ableitung von Schlussfolgerungen oder Kombination verschiedener Informationen, die wir \u00fcber den Nutzer gesammelt haben, um bessere Suchergebnisse zu liefern oder unsere Dienstleistungen anderweitig auf die Vorlieben oder Einschr\u00e4nkungen des Nutzers zuzuschneiden<br>\u2022 <strong>Bereitstellung relevanterer Werbung innerhalb und au\u00dferhalb unserer Dienstleistungen<\/strong>, z.\u202fB. durch personalisierte Anzeigen und Angebote innerhalb und au\u00dferhalb unserer Plattform<br>\u2022 <strong>Untersuchung, Verhinderung und Schutz des Nutzers vor betr\u00fcgerischen, unbefugten oder rechtswidrigen Aktivit\u00e4ten<\/strong><br>\u2022 <strong>Einhaltung von Richtlinien, Verfahren und gesetzlichen Verpflichtungen,<\/strong> einschlie\u00dflich der Erf\u00fcllung von Anfragen staatlicher Beh\u00f6rden oder Strafverfolgungsbeh\u00f6rden, der L\u00f6sung von Streitigkeiten und der Wahrnehmung von gesetzlich vorgesehenen Rechten oder Pflichten<br>\u2022 <strong>In anderer, vom Nutzer erlaubter und von geltendem Recht erlaubter oder vorgeschriebener Weise.<\/strong> Wenn der Nutzer einer weiteren Verwendung seiner personenbezogenen Daten zugestimmt hat, kann er diese Zustimmung jederzeit widerrufen, indem er uns unter den unten angegebenen Kontaktdaten kontaktiert.<\/p><p>Der Nutzer hat Wahlm\u00f6glichkeiten in Bezug auf seine personenbezogenen Daten und kann in bestimmten F\u00e4llen das Recht haben, unsere Nutzung seiner personenbezogenen Daten f\u00fcr diese Zwecke zu unterlassen oder ihr zu widersprechen.<\/p><p>\u2022 <strong>Elektronische Kommunikation.<\/strong> Im Einklang mit den oben genannten Zwecken und soweit nach geltendem Recht zul\u00e4ssig, k\u00f6nnen wir mit dem Nutzer \u00fcber elektronische Nachrichten, einschlie\u00dflich E-Mail oder SMS, kommunizieren, um:<\/p><p>\u2022 <strong>Dem Nutzer Informationen zu unseren Produkten und Dienstleistungen zu senden.<\/strong> Dies kann Buchungsbest\u00e4tigungen und -aktualisierungen, Quittungen, technische Benachrichtigungen, Updates, Sicherheitshinweise sowie administrative und Support-Nachrichten umfassen.<\/p><p>\u2022 <strong>Dem Nutzer Marketingmitteilungen zu senden.<\/strong> Nachrichten und andere Informationen \u00fcber Produkte und Dienstleistungen, die von uns, unseren verbundenen Unternehmen und unseren Gesch\u00e4ftspartnern angeboten werden.<\/p><p><strong>WEITERGABE DER BENUTZERINFORMATIONEN<\/strong><\/p><p>Wir geben die von uns erfassten (oder erzeugten oder erhaltenen) personenbezogenen Daten auf folgende Weise weiter:<\/p><p>\u2022 <strong>An unsere Gesch\u00e4fts- und Produktionspartner.<\/strong> Zur Bereitstellung der Dienstleistungen und f\u00fcr die Zwecke unserer Partner, die auch Werbe- oder Marketingzwecke umfassen k\u00f6nnen<br>\u2022 <strong>An Vermittler, technische und medizinische Berater<\/strong> sowie andere vergleichbare Stellen, die mit unserer Organisation zusammenarbeiten, um die mit Ihnen eingegangenen vertraglichen Verpflichtungen zu erf\u00fcllen; Stellen, die eine unmittelbar und unbedingt mit der T\u00e4tigkeit des Verantwortlichen verbundene Dienstleistung erbringen, wie Steuerberater, Banken, Spediteure, Versicherungen, \u00f6ffentliche und private Stellen, auch im Zusammenhang mit Inspektionen oder Pr\u00fcfungen; Stellen, die aufgrund gesetzlicher Bestimmungen Zugang zu den Daten haben<br>\u2022 <strong>Zur Zahlungsabwicklung.<\/strong> F\u00fcr die Abwicklung bestimmter Transaktionen sind Kredit- oder Debitkarteninformationen erforderlich, z.\u202fB. f\u00fcr bestimmte Buchungen oder den Erwerb anderer Produkte oder Dienstleistungen. In diesen F\u00e4llen geben wir die Zahlungsinformationen des Nutzers an Reisepartner und andere Drittanbieter (z.\u202fB. Betrugserkennungsdienste) weiter<br>\u2022 <strong>An andere Dienstleister.<\/strong> Wir geben Informationen an H\u00e4ndler, Berater und andere Drittanbieter weiter, die Dienstleistungen oder Funktionen in unserem Auftrag erbringen<br>\u2022 <strong>Zur Erf\u00fcllung unserer gesetzlichen Verpflichtungen.<\/strong> Wir k\u00f6nnen die personenbezogenen Daten des Nutzers an staatliche Beh\u00f6rden oder andere zust\u00e4ndige Dritte weitergeben, um die Anforderungen der geltenden Gesetzgebung, Gerichtsverfahren, gerichtlichen Anordnungen, rechtlichen Verfahren oder berechtigten Anfragen staatlicher Beh\u00f6rden zu erf\u00fcllen<br>\u2022 <strong>Auf Anfrage des Nutzers.<\/strong> Wir geben die Informationen des Nutzers auch wie vom Nutzer angefordert oder gew\u00fcnscht oder mit dessen Zustimmung weiter<\/p><p>In bestimmten F\u00e4llen kann der Nutzer das Recht haben, die Weitergabe seiner personenbezogenen Daten an bestimmte Dritte zu unterlassen oder ihr zu widersprechen.<\/p><p><strong>SPEICHERUNG UND SCHUTZ DER BENUTZERINFORMATIONEN<\/strong><\/p><p>Die Associazione Turistica Tremezzina trifft wirtschaftlich angemessene physische, administrative und technische Sicherheitsma\u00dfnahmen, um die Informationen des Nutzers vor Verlust, Missbrauch, unbefugtem Zugriff, Offenlegung, Ver\u00e4nderung und Zerst\u00f6rung zu sch\u00fctzen.<\/p><p><strong>Speicherung.<\/strong> Die Daten werden nur so lange gespeichert, wie es zur Bereitstellung der vom Nutzer angeforderten Dienstleistungen unbedingt erforderlich ist, und werden in jedem Fall nach Aufforderung durch den Nutzer gel\u00f6scht. Die Daten der betroffenen Person werden nicht verbreitet.<\/p><p>Wir k\u00f6nnen die personenbezogenen Daten des Nutzers au\u00dferdem bei Bedarf speichern, um:<\/p><p>\u2022 Gesch\u00e4ftsunterlagen und -archive f\u00fcr Analyse-, Sicherheits- und\/oder Pr\u00fcfungszwecke zu verwalten<br>\u2022 Die gesetzlichen Anforderungen zur Datenspeicherung zu erf\u00fcllen<br>\u2022 Eventuelle Beschwerden im Zusammenhang mit den Dienstleistungen zu bearbeiten<br>\u2022 Unsere gesetzlichen Verpflichtungen zu erf\u00fcllen, unsere Rechte zu sch\u00fctzen oder zu verteidigen, Streitigkeiten beizulegen und unsere Vertr\u00e4ge zu erf\u00fcllen.<\/p><p><strong>WAHL- UND RECHTE DES NUTZERS<\/strong><\/p><p>\u2022 Auskunftsrecht (Art. 15 DSGVO). Recht der betroffenen Person, Zugang zu ihren Daten zu erhalten und bei der Aufsichtsbeh\u00f6rde Beschwerde einzulegen<br>\u2022 Recht auf Berichtigung (Art. 16 DSGVO). Recht der betroffenen Person, vom Verantwortlichen die Berichtigung sie betreffender unrichtiger personenbezogener Daten zu verlangen<br>\u2022 Recht auf L\u00f6schung (Recht auf Vergessenwerden) (Art. 17 DSGVO). Die betroffene Person hat das Recht, vom Verantwortlichen die unverz\u00fcgliche L\u00f6schung der sie betreffenden personenbezogenen Daten zu verlangen<br>\u2022 Recht auf Einschr\u00e4nkung der Verarbeitung (Art. 18 DSGVO). Recht der betroffenen Person, eine Einschr\u00e4nkung der Verarbeitung der Daten zu verlangen<br>\u2022 Mitteilungspflicht (Art. 19 DSGVO). Der Verantwortliche teilt allen Empf\u00e4ngern, denen personenbezogene Daten offengelegt wurden, jede Berichtigung oder L\u00f6schung oder Einschr\u00e4nkung der Verarbeitung gem\u00e4\u00df den Art. 16, 17 und 18 mit<br>\u2022 Recht auf Daten\u00fcbertragbarkeit (Art. 20 DSGVO). Die betroffene Person hat das Recht, die sie betreffenden personenbezogenen Daten, die sie dem Verantwortlichen bereitgestellt hat, zu erhalten und diese Daten einem anderen Verantwortlichen ohne Behinderung durch den Verantwortlichen zu \u00fcbermitteln<br>\u2022 Widerspruchsrecht (Art. 21 DSGVO). Recht der betroffenen Person, der Verarbeitung ihrer personenbezogenen Daten zu widersprechen<br>\u2022 Profiling (Art. 22 DSGVO). Die betroffene Person hat das Recht, nicht einer ausschlie\u00dflich auf einer automatisierten Verarbeitung \u2014 einschlie\u00dflich Profiling \u2014 beruhenden Entscheidung unterworfen zu werden, die ihr gegen\u00fcber rechtliche Wirkung entfaltet oder sie in \u00e4hnlicher Weise erheblich beeintr\u00e4chtigt<\/p><p>Die Kontaktdaten des Verantwortlichen sind wie folgt:<br>Associazione Turistica Tremezzina \u2013 Via Lomazzi, 23 \u2013 22016 Tremezzina (Como), E-Mail: attremezzina@gmail.com<\/p><p><strong>INTERNATIONALE DATEN\u00dcBERMITTLUNGEN<\/strong><\/p><p>Die Daten k\u00f6nnen innerhalb der Europ\u00e4ischen Union \u00fcbermittelt werden, sofern der Verantwortliche oder seine Lieferanten und Partner dort ans\u00e4ssig sind oder ihre Server haben. Die Daten werden nicht au\u00dferhalb der Europ\u00e4ischen Union \u00fcbermittelt.<\/p><p><strong>KINDER<\/strong><\/p><p>Unsere Dienstleistungen richten sich nicht an Kinder und sind nicht f\u00fcr die Nutzung durch Kinder vorgesehen. Wir erfassen wissentlich keine Informationen von Personen unter 16 Jahren.<br>Falls jemand Kenntnis davon erlangt, dass seine Kinder oder andere unter seiner Obhut stehende Minderj\u00e4hrige uns ohne seine Zustimmung Informationen \u00fcbermittelt haben, bitten wir darum, uns zu kontaktieren unter:<br>Associazione Turistica Tremezzina \u2013 Via Lomazzi, 23 \u2013 22016 Tremezzina (Como), E-Mail: attremezzina@gmail.com<\/p>","protected":false},"excerpt":{"rendered":"<p>Informationsschreiben gem\u00e4\u00df Art. 13 der EU-Verordnung 2016\/679 \u2013 Art. 13 des gesetzesvertretenden Dekrets 196\/2003 (Datenschutzgesetz) In Anwendung der Europ\u00e4ischen Verordnung Nr. 679\/2016 sowie des gesetzesvertretenden Dekrets Nr. 196\/2003 zum Schutz personenbezogener Daten wird mitgeteilt, dass der Verantwortliche f\u00fcr die Datenverarbeitung die Associazione Turistica Tremezzina, Via Lomazzi 23, 22016 Tremezzina (Como), Steuernummer 95127660132 (nachfolgend \u201eder Verantwortliche\u201c) &hellip;<\/p>\n","protected":false},"author":1,"featured_media":0,"parent":0,"menu_order":0,"comment_status":"closed","ping_status":"closed","template":"","meta":{"_acf_changed":false,"inline_featured_image":false,"footnotes":""},"class_list":["post-1475","page","type-page","status-publish","hentry"],"acf":[],"yoast_head":"<!-- This site is optimized with the Yoast SEO plugin v25.2 - https:\/\/yoast.com\/wordpress\/plugins\/seo\/ -->\n<title>Datenschutzerkl\u00e4rung - Visit Tremezzina<\/title>\n<meta name=\"robots\" content=\"noindex, nofollow\" \/>\n<meta property=\"og:locale\" content=\"de_DE\" \/>\n<meta property=\"og:type\" content=\"article\" \/>\n<meta property=\"og:title\" content=\"Datenschutzerkl\u00e4rung - Visit Tremezzina\" \/>\n<meta property=\"og:description\" content=\"Informationsschreiben gem\u00e4\u00df Art. 13 der EU-Verordnung 2016\/679 \u2013 Art. 13 des gesetzesvertretenden Dekrets 196\/2003 (Datenschutzgesetz) In Anwendung der Europ\u00e4ischen Verordnung Nr. 679\/2016 sowie des gesetzesvertretenden Dekrets Nr. 196\/2003 zum Schutz personenbezogener Daten wird mitgeteilt, dass der Verantwortliche f\u00fcr die Datenverarbeitung die Associazione Turistica Tremezzina, Via Lomazzi 23, 22016 Tremezzina (Como), Steuernummer 95127660132 (nachfolgend \u201eder Verantwortliche\u201c) &hellip;\" \/>\n<meta property=\"og:url\" content=\"https:\/\/tremezzina.visitlakecomo.info\/de\/datenschutzerklaerung\" \/>\n<meta property=\"og:site_name\" content=\"Visit Tremezzina\" \/>\n<meta property=\"article:modified_time\" content=\"2025-08-18T08:21:14+00:00\" \/>\n<meta name=\"twitter:card\" content=\"summary_large_image\" \/>\n<meta name=\"twitter:label1\" content=\"Gesch\u00e4tzte Lesezeit\" \/>\n\t<meta name=\"twitter:data1\" content=\"8\u00a0Minuten\" \/>\n<script type=\"application\/ld+json\" class=\"yoast-schema-graph\">{\"@context\":\"https:\/\/schema.org\",\"@graph\":[{\"@type\":\"WebPage\",\"@id\":\"https:\/\/tremezzina.visitlakecomo.info\/de\/datenschutzerklaerung\",\"url\":\"https:\/\/tremezzina.visitlakecomo.info\/de\/datenschutzerklaerung\",\"name\":\"Datenschutzerkl\u00e4rung - Visit Tremezzina\",\"isPartOf\":{\"@id\":\"https:\/\/tremezzina.visitlakecomo.info\/#website\"},\"datePublished\":\"2025-04-12T11:23:47+00:00\",\"dateModified\":\"2025-08-18T08:21:14+00:00\",\"breadcrumb\":{\"@id\":\"https:\/\/tremezzina.visitlakecomo.info\/de\/datenschutzerklaerung#breadcrumb\"},\"inLanguage\":\"de\",\"potentialAction\":[{\"@type\":\"ReadAction\",\"target\":[\"https:\/\/tremezzina.visitlakecomo.info\/de\/datenschutzerklaerung\"]}]},{\"@type\":\"BreadcrumbList\",\"@id\":\"https:\/\/tremezzina.visitlakecomo.info\/de\/datenschutzerklaerung#breadcrumb\",\"itemListElement\":[{\"@type\":\"ListItem\",\"position\":1,\"name\":\"Home\",\"item\":\"https:\/\/tremezzina.visitlakecomo.info\/de\"},{\"@type\":\"ListItem\",\"position\":2,\"name\":\"Datenschutzerkl\u00e4rung\"}]},{\"@type\":\"WebSite\",\"@id\":\"https:\/\/tremezzina.visitlakecomo.info\/#website\",\"url\":\"https:\/\/tremezzina.visitlakecomo.info\/\",\"name\":\"Visit Tremezzina\",\"description\":\"\",\"potentialAction\":[{\"@type\":\"SearchAction\",\"target\":{\"@type\":\"EntryPoint\",\"urlTemplate\":\"https:\/\/tremezzina.visitlakecomo.info\/?s={search_term_string}\"},\"query-input\":{\"@type\":\"PropertyValueSpecification\",\"valueRequired\":true,\"valueName\":\"search_term_string\"}}],\"inLanguage\":\"de\"}]}<\/script>\n<!-- \/ Yoast SEO plugin. -->","yoast_head_json":{"title":"Datenschutzerkl\u00e4rung - Visit Tremezzina","robots":{"index":"noindex","follow":"nofollow"},"og_locale":"de_DE","og_type":"article","og_title":"Datenschutzerkl\u00e4rung - Visit Tremezzina","og_description":"Informationsschreiben gem\u00e4\u00df Art. 13 der EU-Verordnung 2016\/679 \u2013 Art. 13 des gesetzesvertretenden Dekrets 196\/2003 (Datenschutzgesetz) In Anwendung der Europ\u00e4ischen Verordnung Nr. 679\/2016 sowie des gesetzesvertretenden Dekrets Nr. 196\/2003 zum Schutz personenbezogener Daten wird mitgeteilt, dass der Verantwortliche f\u00fcr die Datenverarbeitung die Associazione Turistica Tremezzina, Via Lomazzi 23, 22016 Tremezzina (Como), Steuernummer 95127660132 (nachfolgend \u201eder Verantwortliche\u201c) &hellip;","og_url":"https:\/\/tremezzina.visitlakecomo.info\/de\/datenschutzerklaerung","og_site_name":"Visit Tremezzina","article_modified_time":"2025-08-18T08:21:14+00:00","twitter_card":"summary_large_image","twitter_misc":{"Gesch\u00e4tzte Lesezeit":"8\u00a0Minuten"},"schema":{"@context":"https:\/\/schema.org","@graph":[{"@type":"WebPage","@id":"https:\/\/tremezzina.visitlakecomo.info\/de\/datenschutzerklaerung","url":"https:\/\/tremezzina.visitlakecomo.info\/de\/datenschutzerklaerung","name":"Datenschutzerkl\u00e4rung - Visit Tremezzina","isPartOf":{"@id":"https:\/\/tremezzina.visitlakecomo.info\/#website"},"datePublished":"2025-04-12T11:23:47+00:00","dateModified":"2025-08-18T08:21:14+00:00","breadcrumb":{"@id":"https:\/\/tremezzina.visitlakecomo.info\/de\/datenschutzerklaerung#breadcrumb"},"inLanguage":"de","potentialAction":[{"@type":"ReadAction","target":["https:\/\/tremezzina.visitlakecomo.info\/de\/datenschutzerklaerung"]}]},{"@type":"BreadcrumbList","@id":"https:\/\/tremezzina.visitlakecomo.info\/de\/datenschutzerklaerung#breadcrumb","itemListElement":[{"@type":"ListItem","position":1,"name":"Home","item":"https:\/\/tremezzina.visitlakecomo.info\/de"},{"@type":"ListItem","position":2,"name":"Datenschutzerkl\u00e4rung"}]},{"@type":"WebSite","@id":"https:\/\/tremezzina.visitlakecomo.info\/#website","url":"https:\/\/tremezzina.visitlakecomo.info\/","name":"Visit Tremezzina","description":"","potentialAction":[{"@type":"SearchAction","target":{"@type":"EntryPoint","urlTemplate":"https:\/\/tremezzina.visitlakecomo.info\/?s={search_term_string}"},"query-input":{"@type":"PropertyValueSpecification","valueRequired":true,"valueName":"search_term_string"}}],"inLanguage":"de"}]}},"_links":{"self":[{"href":"https:\/\/tremezzina.visitlakecomo.info\/de\/wp-json\/wp\/v2\/pages\/1475","targetHints":{"allow":["GET"]}}],"collection":[{"href":"https:\/\/tremezzina.visitlakecomo.info\/de\/wp-json\/wp\/v2\/pages"}],"about":[{"href":"https:\/\/tremezzina.visitlakecomo.info\/de\/wp-json\/wp\/v2\/types\/page"}],"author":[{"embeddable":true,"href":"https:\/\/tremezzina.visitlakecomo.info\/de\/wp-json\/wp\/v2\/users\/1"}],"replies":[{"embeddable":true,"href":"https:\/\/tremezzina.visitlakecomo.info\/de\/wp-json\/wp\/v2\/comments?post=1475"}],"version-history":[{"count":3,"href":"https:\/\/tremezzina.visitlakecomo.info\/de\/wp-json\/wp\/v2\/pages\/1475\/revisions"}],"predecessor-version":[{"id":1889,"href":"https:\/\/tremezzina.visitlakecomo.info\/de\/wp-json\/wp\/v2\/pages\/1475\/revisions\/1889"}],"wp:attachment":[{"href":"https:\/\/tremezzina.visitlakecomo.info\/de\/wp-json\/wp\/v2\/media?parent=1475"}],"curies":[{"name":"wp","href":"https:\/\/api.w.org\/{rel}","templated":true}]}}