{"id":1478,"date":"2025-04-12T11:30:34","date_gmt":"2025-04-12T11:30:34","guid":{"rendered":"https:\/\/tremezzina.visitlakecomo.info\/shops-services\/bar"},"modified":"2025-06-17T09:46:03","modified_gmt":"2025-06-17T09:46:03","slug":"bar","status":"publish","type":"page","link":"https:\/\/tremezzina.visitlakecomo.info\/de\/shops-services\/bar","title":{"rendered":"Bar"},"content":{"rendered":"<p><b>Bars<\/b> und Caf\u00e9s in <b>Tremezzina<\/b>, f\u00fcr Fr\u00fchst\u00fcck, Aperitifs, Mittagessen und Veranstaltungen.<\/p>","protected":false},"excerpt":{"rendered":"<p>Bars und Caf\u00e9s in Tremezzina, f\u00fcr Fr\u00fchst\u00fcck, Aperitifs, Mittagessen und Veranstaltungen.<\/p>\n","protected":false},"author":1,"featured_media":0,"parent":1476,"menu_order":0,"comment_status":"closed","ping_status":"closed","template":"page-templates\/categoria_imprese.php","meta":{"_acf_changed":false,"inline_featured_image":false,"footnotes":""},"class_list":["post-1478","page","type-page","status-publish","hentry"],"acf":[],"yoast_head":"<!-- This site is optimized with the Yoast SEO plugin v25.2 - https:\/\/yoast.com\/wordpress\/plugins\/seo\/ -->\n<title>Bars in Tremezzina - Entdecke Tremezzina<\/title>\n<meta name=\"description\" content=\"Entdecken Sie die Bars und Caf\u00e9s in Tremezzina, f\u00fcr Fr\u00fchst\u00fcck, Aperitifs, Mittagessen und Events.\" \/>\n<meta name=\"robots\" content=\"index, follow, max-snippet:-1, max-image-preview:large, max-video-preview:-1\" \/>\n<link rel=\"canonical\" href=\"https:\/\/tremezzina.visitlakecomo.info\/de\/shops-services\/bar\" \/>\n<meta property=\"og:locale\" content=\"de_DE\" \/>\n<meta property=\"og:type\" content=\"article\" \/>\n<meta property=\"og:title\" content=\"Bars in Tremezzina - Entdecke Tremezzina\" \/>\n<meta property=\"og:description\" content=\"Entdecken Sie die Bars und Caf\u00e9s in Tremezzina, f\u00fcr Fr\u00fchst\u00fcck, Aperitifs, Mittagessen und Events.\" \/>\n<meta property=\"og:url\" content=\"https:\/\/tremezzina.visitlakecomo.info\/de\/shops-services\/bar\" \/>\n<meta property=\"og:site_name\" content=\"Visit Tremezzina\" \/>\n<meta property=\"article:modified_time\" content=\"2025-06-17T09:46:03+00:00\" \/>\n<meta name=\"twitter:card\" content=\"summary_large_image\" \/>\n<script type=\"application\/ld+json\" class=\"yoast-schema-graph\">{\"@context\":\"https:\/\/schema.org\",\"@graph\":[{\"@type\":\"WebPage\",\"@id\":\"https:\/\/tremezzina.visitlakecomo.info\/de\/shops-services\/bar\",\"url\":\"https:\/\/tremezzina.visitlakecomo.info\/de\/shops-services\/bar\",\"name\":\"Bars in Tremezzina - Entdecke Tremezzina\",\"isPartOf\":{\"@id\":\"https:\/\/tremezzina.visitlakecomo.info\/#website\"},\"datePublished\":\"2025-04-12T11:30:34+00:00\",\"dateModified\":\"2025-06-17T09:46:03+00:00\",\"description\":\"Entdecken Sie die Bars und Caf\u00e9s in Tremezzina, f\u00fcr Fr\u00fchst\u00fcck, Aperitifs, Mittagessen und Events.\",\"breadcrumb\":{\"@id\":\"https:\/\/tremezzina.visitlakecomo.info\/de\/shops-services\/bar#breadcrumb\"},\"inLanguage\":\"de\",\"potentialAction\":[{\"@type\":\"ReadAction\",\"target\":[\"https:\/\/tremezzina.visitlakecomo.info\/de\/shops-services\/bar\"]}]},{\"@type\":\"BreadcrumbList\",\"@id\":\"https:\/\/tremezzina.visitlakecomo.info\/de\/shops-services\/bar#breadcrumb\",\"itemListElement\":[{\"@type\":\"ListItem\",\"position\":1,\"name\":\"Home\",\"item\":\"https:\/\/tremezzina.visitlakecomo.info\/de\"},{\"@type\":\"ListItem\",\"position\":2,\"name\":\"Shops &#038; Services\",\"item\":\"https:\/\/tremezzina.visitlakecomo.info\/de\/shops-services\"},{\"@type\":\"ListItem\",\"position\":3,\"name\":\"Bar\"}]},{\"@type\":\"WebSite\",\"@id\":\"https:\/\/tremezzina.visitlakecomo.info\/#website\",\"url\":\"https:\/\/tremezzina.visitlakecomo.info\/\",\"name\":\"Visit Tremezzina\",\"description\":\"\",\"potentialAction\":[{\"@type\":\"SearchAction\",\"target\":{\"@type\":\"EntryPoint\",\"urlTemplate\":\"https:\/\/tremezzina.visitlakecomo.info\/?s={search_term_string}\"},\"query-input\":{\"@type\":\"PropertyValueSpecification\",\"valueRequired\":true,\"valueName\":\"search_term_string\"}}],\"inLanguage\":\"de\"}]}<\/script>\n<!-- \/ Yoast SEO plugin. -->","yoast_head_json":{"title":"Bars in Tremezzina - Entdecke Tremezzina","description":"Entdecken Sie die Bars und Caf\u00e9s in Tremezzina, f\u00fcr Fr\u00fchst\u00fcck, Aperitifs, Mittagessen und Events.","robots":{"index":"index","follow":"follow","max-snippet":"max-snippet:-1","max-image-preview":"max-image-preview:large","max-video-preview":"max-video-preview:-1"},"canonical":"https:\/\/tremezzina.visitlakecomo.info\/de\/shops-services\/bar","og_locale":"de_DE","og_type":"article","og_title":"Bars in Tremezzina - Entdecke Tremezzina","og_description":"Entdecken Sie die Bars und Caf\u00e9s in Tremezzina, f\u00fcr Fr\u00fchst\u00fcck, Aperitifs, Mittagessen und Events.","og_url":"https:\/\/tremezzina.visitlakecomo.info\/de\/shops-services\/bar","og_site_name":"Visit Tremezzina","article_modified_time":"2025-06-17T09:46:03+00:00","twitter_card":"summary_large_image","schema":{"@context":"https:\/\/schema.org","@graph":[{"@type":"WebPage","@id":"https:\/\/tremezzina.visitlakecomo.info\/de\/shops-services\/bar","url":"https:\/\/tremezzina.visitlakecomo.info\/de\/shops-services\/bar","name":"Bars in Tremezzina - Entdecke Tremezzina","isPartOf":{"@id":"https:\/\/tremezzina.visitlakecomo.info\/#website"},"datePublished":"2025-04-12T11:30:34+00:00","dateModified":"2025-06-17T09:46:03+00:00","description":"Entdecken Sie die Bars und Caf\u00e9s in Tremezzina, f\u00fcr Fr\u00fchst\u00fcck, Aperitifs, Mittagessen und Events.","breadcrumb":{"@id":"https:\/\/tremezzina.visitlakecomo.info\/de\/shops-services\/bar#breadcrumb"},"inLanguage":"de","potentialAction":[{"@type":"ReadAction","target":["https:\/\/tremezzina.visitlakecomo.info\/de\/shops-services\/bar"]}]},{"@type":"BreadcrumbList","@id":"https:\/\/tremezzina.visitlakecomo.info\/de\/shops-services\/bar#breadcrumb","itemListElement":[{"@type":"ListItem","position":1,"name":"Home","item":"https:\/\/tremezzina.visitlakecomo.info\/de"},{"@type":"ListItem","position":2,"name":"Shops &#038; Services","item":"https:\/\/tremezzina.visitlakecomo.info\/de\/shops-services"},{"@type":"ListItem","position":3,"name":"Bar"}]},{"@type":"WebSite","@id":"https:\/\/tremezzina.visitlakecomo.info\/#website","url":"https:\/\/tremezzina.visitlakecomo.info\/","name":"Visit Tremezzina","description":"","potentialAction":[{"@type":"SearchAction","target":{"@type":"EntryPoint","urlTemplate":"https:\/\/tremezzina.visitlakecomo.info\/?s={search_term_string}"},"query-input":{"@type":"PropertyValueSpecification","valueRequired":true,"valueName":"search_term_string"}}],"inLanguage":"de"}]}},"_links":{"self":[{"href":"https:\/\/tremezzina.visitlakecomo.info\/de\/wp-json\/wp\/v2\/pages\/1478","targetHints":{"allow":["GET"]}}],"collection":[{"href":"https:\/\/tremezzina.visitlakecomo.info\/de\/wp-json\/wp\/v2\/pages"}],"about":[{"href":"https:\/\/tremezzina.visitlakecomo.info\/de\/wp-json\/wp\/v2\/types\/page"}],"author":[{"embeddable":true,"href":"https:\/\/tremezzina.visitlakecomo.info\/de\/wp-json\/wp\/v2\/users\/1"}],"replies":[{"embeddable":true,"href":"https:\/\/tremezzina.visitlakecomo.info\/de\/wp-json\/wp\/v2\/comments?post=1478"}],"version-history":[{"count":1,"href":"https:\/\/tremezzina.visitlakecomo.info\/de\/wp-json\/wp\/v2\/pages\/1478\/revisions"}],"predecessor-version":[{"id":1479,"href":"https:\/\/tremezzina.visitlakecomo.info\/de\/wp-json\/wp\/v2\/pages\/1478\/revisions\/1479"}],"up":[{"embeddable":true,"href":"https:\/\/tremezzina.visitlakecomo.info\/de\/wp-json\/wp\/v2\/pages\/1476"}],"wp:attachment":[{"href":"https:\/\/tremezzina.visitlakecomo.info\/de\/wp-json\/wp\/v2\/media?parent=1478"}],"curies":[{"name":"wp","href":"https:\/\/api.w.org\/{rel}","templated":true}]}}