{"id":1496,"date":"2025-04-12T11:34:56","date_gmt":"2025-04-12T11:34:56","guid":{"rendered":"https:\/\/tremezzina.visitlakecomo.info\/shops-services\/eisdielen"},"modified":"2025-06-17T09:46:03","modified_gmt":"2025-06-17T09:46:03","slug":"eisdielen","status":"publish","type":"page","link":"https:\/\/tremezzina.visitlakecomo.info\/de\/shops-services\/eisdielen","title":{"rendered":"Eisdielen"},"content":{"rendered":"<p>Handgemachtes Eis, Granitas, Parfaits aus 100% garantierten Rohstoffen. Hier sind <b>die besten Eisdielen in Tremezzina<\/b>, f\u00fcr eine s\u00fc\u00dfe Pause zwischen Besichtigung und Ausflug.<\/p>","protected":false},"excerpt":{"rendered":"<p>Handgemachtes Eis, Granitas, Parfaits aus 100% garantierten Rohstoffen. Hier sind die besten Eisdielen in Tremezzina, f\u00fcr eine s\u00fc\u00dfe Pause zwischen Besichtigung und Ausflug.<\/p>\n","protected":false},"author":1,"featured_media":0,"parent":1476,"menu_order":0,"comment_status":"closed","ping_status":"closed","template":"page-templates\/categoria_imprese.php","meta":{"_acf_changed":false,"inline_featured_image":false,"footnotes":""},"class_list":["post-1496","page","type-page","status-publish","hentry"],"acf":[],"yoast_head":"<!-- This site is optimized with the Yoast SEO plugin v25.2 - https:\/\/yoast.com\/wordpress\/plugins\/seo\/ -->\n<title>Eisdielen in Tremezzina - Entdecke Tremezzina<\/title>\n<meta name=\"description\" content=\"Handgemachtes Eis, Granitas, Parfaits aus 100% garantierten Rohstoffen: Entdecken Sie die Eisdielen in Tremezzina\" \/>\n<meta name=\"robots\" content=\"index, follow, max-snippet:-1, max-image-preview:large, max-video-preview:-1\" \/>\n<link rel=\"canonical\" href=\"https:\/\/tremezzina.visitlakecomo.info\/de\/shops-services\/eisdielen\" \/>\n<meta property=\"og:locale\" content=\"de_DE\" \/>\n<meta property=\"og:type\" content=\"article\" \/>\n<meta property=\"og:title\" content=\"Eisdielen in Tremezzina - Entdecke Tremezzina\" \/>\n<meta property=\"og:description\" content=\"Handgemachtes Eis, Granitas, Parfaits aus 100% garantierten Rohstoffen: Entdecken Sie die Eisdielen in Tremezzina\" \/>\n<meta property=\"og:url\" content=\"https:\/\/tremezzina.visitlakecomo.info\/de\/shops-services\/eisdielen\" \/>\n<meta property=\"og:site_name\" content=\"Visit Tremezzina\" \/>\n<meta property=\"article:modified_time\" content=\"2025-06-17T09:46:03+00:00\" \/>\n<meta name=\"twitter:card\" content=\"summary_large_image\" \/>\n<script type=\"application\/ld+json\" class=\"yoast-schema-graph\">{\"@context\":\"https:\/\/schema.org\",\"@graph\":[{\"@type\":\"WebPage\",\"@id\":\"https:\/\/tremezzina.visitlakecomo.info\/de\/shops-services\/eisdielen\",\"url\":\"https:\/\/tremezzina.visitlakecomo.info\/de\/shops-services\/eisdielen\",\"name\":\"Eisdielen in Tremezzina - Entdecke Tremezzina\",\"isPartOf\":{\"@id\":\"https:\/\/tremezzina.visitlakecomo.info\/#website\"},\"datePublished\":\"2025-04-12T11:34:56+00:00\",\"dateModified\":\"2025-06-17T09:46:03+00:00\",\"description\":\"Handgemachtes Eis, Granitas, Parfaits aus 100% garantierten Rohstoffen: Entdecken Sie die Eisdielen in Tremezzina\",\"breadcrumb\":{\"@id\":\"https:\/\/tremezzina.visitlakecomo.info\/de\/shops-services\/eisdielen#breadcrumb\"},\"inLanguage\":\"de\",\"potentialAction\":[{\"@type\":\"ReadAction\",\"target\":[\"https:\/\/tremezzina.visitlakecomo.info\/de\/shops-services\/eisdielen\"]}]},{\"@type\":\"BreadcrumbList\",\"@id\":\"https:\/\/tremezzina.visitlakecomo.info\/de\/shops-services\/eisdielen#breadcrumb\",\"itemListElement\":[{\"@type\":\"ListItem\",\"position\":1,\"name\":\"Home\",\"item\":\"https:\/\/tremezzina.visitlakecomo.info\/de\"},{\"@type\":\"ListItem\",\"position\":2,\"name\":\"Shops &#038; Services\",\"item\":\"https:\/\/tremezzina.visitlakecomo.info\/de\/shops-services\"},{\"@type\":\"ListItem\",\"position\":3,\"name\":\"Eisdielen\"}]},{\"@type\":\"WebSite\",\"@id\":\"https:\/\/tremezzina.visitlakecomo.info\/#website\",\"url\":\"https:\/\/tremezzina.visitlakecomo.info\/\",\"name\":\"Visit Tremezzina\",\"description\":\"\",\"potentialAction\":[{\"@type\":\"SearchAction\",\"target\":{\"@type\":\"EntryPoint\",\"urlTemplate\":\"https:\/\/tremezzina.visitlakecomo.info\/?s={search_term_string}\"},\"query-input\":{\"@type\":\"PropertyValueSpecification\",\"valueRequired\":true,\"valueName\":\"search_term_string\"}}],\"inLanguage\":\"de\"}]}<\/script>\n<!-- \/ Yoast SEO plugin. -->","yoast_head_json":{"title":"Eisdielen in Tremezzina - Entdecke Tremezzina","description":"Handgemachtes Eis, Granitas, Parfaits aus 100% garantierten Rohstoffen: Entdecken Sie die Eisdielen in Tremezzina","robots":{"index":"index","follow":"follow","max-snippet":"max-snippet:-1","max-image-preview":"max-image-preview:large","max-video-preview":"max-video-preview:-1"},"canonical":"https:\/\/tremezzina.visitlakecomo.info\/de\/shops-services\/eisdielen","og_locale":"de_DE","og_type":"article","og_title":"Eisdielen in Tremezzina - Entdecke Tremezzina","og_description":"Handgemachtes Eis, Granitas, Parfaits aus 100% garantierten Rohstoffen: Entdecken Sie die Eisdielen in Tremezzina","og_url":"https:\/\/tremezzina.visitlakecomo.info\/de\/shops-services\/eisdielen","og_site_name":"Visit Tremezzina","article_modified_time":"2025-06-17T09:46:03+00:00","twitter_card":"summary_large_image","schema":{"@context":"https:\/\/schema.org","@graph":[{"@type":"WebPage","@id":"https:\/\/tremezzina.visitlakecomo.info\/de\/shops-services\/eisdielen","url":"https:\/\/tremezzina.visitlakecomo.info\/de\/shops-services\/eisdielen","name":"Eisdielen in Tremezzina - Entdecke Tremezzina","isPartOf":{"@id":"https:\/\/tremezzina.visitlakecomo.info\/#website"},"datePublished":"2025-04-12T11:34:56+00:00","dateModified":"2025-06-17T09:46:03+00:00","description":"Handgemachtes Eis, Granitas, Parfaits aus 100% garantierten Rohstoffen: Entdecken Sie die Eisdielen in Tremezzina","breadcrumb":{"@id":"https:\/\/tremezzina.visitlakecomo.info\/de\/shops-services\/eisdielen#breadcrumb"},"inLanguage":"de","potentialAction":[{"@type":"ReadAction","target":["https:\/\/tremezzina.visitlakecomo.info\/de\/shops-services\/eisdielen"]}]},{"@type":"BreadcrumbList","@id":"https:\/\/tremezzina.visitlakecomo.info\/de\/shops-services\/eisdielen#breadcrumb","itemListElement":[{"@type":"ListItem","position":1,"name":"Home","item":"https:\/\/tremezzina.visitlakecomo.info\/de"},{"@type":"ListItem","position":2,"name":"Shops &#038; Services","item":"https:\/\/tremezzina.visitlakecomo.info\/de\/shops-services"},{"@type":"ListItem","position":3,"name":"Eisdielen"}]},{"@type":"WebSite","@id":"https:\/\/tremezzina.visitlakecomo.info\/#website","url":"https:\/\/tremezzina.visitlakecomo.info\/","name":"Visit Tremezzina","description":"","potentialAction":[{"@type":"SearchAction","target":{"@type":"EntryPoint","urlTemplate":"https:\/\/tremezzina.visitlakecomo.info\/?s={search_term_string}"},"query-input":{"@type":"PropertyValueSpecification","valueRequired":true,"valueName":"search_term_string"}}],"inLanguage":"de"}]}},"_links":{"self":[{"href":"https:\/\/tremezzina.visitlakecomo.info\/de\/wp-json\/wp\/v2\/pages\/1496","targetHints":{"allow":["GET"]}}],"collection":[{"href":"https:\/\/tremezzina.visitlakecomo.info\/de\/wp-json\/wp\/v2\/pages"}],"about":[{"href":"https:\/\/tremezzina.visitlakecomo.info\/de\/wp-json\/wp\/v2\/types\/page"}],"author":[{"embeddable":true,"href":"https:\/\/tremezzina.visitlakecomo.info\/de\/wp-json\/wp\/v2\/users\/1"}],"replies":[{"embeddable":true,"href":"https:\/\/tremezzina.visitlakecomo.info\/de\/wp-json\/wp\/v2\/comments?post=1496"}],"version-history":[{"count":1,"href":"https:\/\/tremezzina.visitlakecomo.info\/de\/wp-json\/wp\/v2\/pages\/1496\/revisions"}],"predecessor-version":[{"id":1497,"href":"https:\/\/tremezzina.visitlakecomo.info\/de\/wp-json\/wp\/v2\/pages\/1496\/revisions\/1497"}],"up":[{"embeddable":true,"href":"https:\/\/tremezzina.visitlakecomo.info\/de\/wp-json\/wp\/v2\/pages\/1476"}],"wp:attachment":[{"href":"https:\/\/tremezzina.visitlakecomo.info\/de\/wp-json\/wp\/v2\/media?parent=1496"}],"curies":[{"name":"wp","href":"https:\/\/api.w.org\/{rel}","templated":true}]}}