{"id":1508,"date":"2025-05-14T14:46:34","date_gmt":"2025-05-14T14:46:34","guid":{"rendered":"https:\/\/tremezzina.visitlakecomo.info\/region\/villa-carlotta"},"modified":"2025-06-17T09:46:03","modified_gmt":"2025-06-17T09:46:03","slug":"villa-carlotta","status":"publish","type":"page","link":"https:\/\/tremezzina.visitlakecomo.info\/de\/region\/villa-carlotta","title":{"rendered":"Villa Carlotta"},"content":{"rendered":"<p>Mit Blick auf den <b>Comer See<\/b> ist die <b>Villa Carlotta<\/b> eine faszinierende <b>historische Residenz,<\/b> eingebettet in eine traumhafte Landschaft. Erbaut Ende des 17. Jahrhunderts, erhielt sie ihren Namen von <b>Prinzessin Charlotte von Preu\u00dfen<\/b>, der sie einst als Hochzeitsgeschenk ihrer Mutter \u00fcbergeben wurde. Heute ist <b>Villa Carlotta \u00f6ffentlich zug\u00e4nglich <\/b>als Museum und Botanischer Garten, mit einem reichen Angebot an Kunstausstellungen, und Familienaktivit\u00e4ten.<\/p>","protected":false},"excerpt":{"rendered":"<p>Mit Blick auf den Comer See ist die Villa Carlotta eine faszinierende historische Residenz, eingebettet in eine traumhafte Landschaft. Erbaut Ende des 17. Jahrhunderts, erhielt sie ihren Namen von Prinzessin Charlotte von Preu\u00dfen, der sie einst als Hochzeitsgeschenk ihrer Mutter \u00fcbergeben wurde. Heute ist Villa Carlotta \u00f6ffentlich zug\u00e4nglich als Museum und Botanischer Garten, mit einem &hellip;<\/p>\n","protected":false},"author":1,"featured_media":0,"parent":1472,"menu_order":0,"comment_status":"closed","ping_status":"closed","template":"page-templates\/pagina_box.php","meta":{"_acf_changed":false,"inline_featured_image":false,"footnotes":""},"class_list":["post-1508","page","type-page","status-publish","hentry"],"acf":[],"yoast_head":"<!-- This site is optimized with the Yoast SEO plugin v25.2 - https:\/\/yoast.com\/wordpress\/plugins\/seo\/ -->\n<title>Villa Carlotta in Tremezzina: Geschichte und G\u00e4rten<\/title>\n<meta name=\"description\" content=\"Entdecken Sie die Villa Carlotta in Tremezzina am Comer See: ein Juwel aus Kunst, Natur und botanischen G\u00e4rten.\" \/>\n<meta name=\"robots\" content=\"index, follow, max-snippet:-1, max-image-preview:large, max-video-preview:-1\" \/>\n<link rel=\"canonical\" href=\"https:\/\/tremezzina.visitlakecomo.info\/de\/region\/villa-carlotta\" \/>\n<meta property=\"og:locale\" content=\"de_DE\" \/>\n<meta property=\"og:type\" content=\"article\" \/>\n<meta property=\"og:title\" content=\"Villa Carlotta in Tremezzina: Geschichte und G\u00e4rten\" \/>\n<meta property=\"og:description\" content=\"Entdecken Sie die Villa Carlotta in Tremezzina am Comer See: ein Juwel aus Kunst, Natur und botanischen G\u00e4rten.\" \/>\n<meta property=\"og:url\" content=\"https:\/\/tremezzina.visitlakecomo.info\/de\/region\/villa-carlotta\" \/>\n<meta property=\"og:site_name\" content=\"Visit Tremezzina\" \/>\n<meta property=\"article:modified_time\" content=\"2025-06-17T09:46:03+00:00\" \/>\n<meta name=\"twitter:card\" content=\"summary_large_image\" \/>\n<script type=\"application\/ld+json\" class=\"yoast-schema-graph\">{\"@context\":\"https:\/\/schema.org\",\"@graph\":[{\"@type\":\"WebPage\",\"@id\":\"https:\/\/tremezzina.visitlakecomo.info\/de\/region\/villa-carlotta\",\"url\":\"https:\/\/tremezzina.visitlakecomo.info\/de\/region\/villa-carlotta\",\"name\":\"Villa Carlotta in Tremezzina: Geschichte und G\u00e4rten\",\"isPartOf\":{\"@id\":\"https:\/\/tremezzina.visitlakecomo.info\/#website\"},\"datePublished\":\"2025-05-14T14:46:34+00:00\",\"dateModified\":\"2025-06-17T09:46:03+00:00\",\"description\":\"Entdecken Sie die Villa Carlotta in Tremezzina am Comer See: ein Juwel aus Kunst, Natur und botanischen G\u00e4rten.\",\"breadcrumb\":{\"@id\":\"https:\/\/tremezzina.visitlakecomo.info\/de\/region\/villa-carlotta#breadcrumb\"},\"inLanguage\":\"de\",\"potentialAction\":[{\"@type\":\"ReadAction\",\"target\":[\"https:\/\/tremezzina.visitlakecomo.info\/de\/region\/villa-carlotta\"]}]},{\"@type\":\"BreadcrumbList\",\"@id\":\"https:\/\/tremezzina.visitlakecomo.info\/de\/region\/villa-carlotta#breadcrumb\",\"itemListElement\":[{\"@type\":\"ListItem\",\"position\":1,\"name\":\"Home\",\"item\":\"https:\/\/tremezzina.visitlakecomo.info\/de\"},{\"@type\":\"ListItem\",\"position\":2,\"name\":\"Region\",\"item\":\"https:\/\/tremezzina.visitlakecomo.info\/de\/region\"},{\"@type\":\"ListItem\",\"position\":3,\"name\":\"Villa Carlotta\"}]},{\"@type\":\"WebSite\",\"@id\":\"https:\/\/tremezzina.visitlakecomo.info\/#website\",\"url\":\"https:\/\/tremezzina.visitlakecomo.info\/\",\"name\":\"Visit Tremezzina\",\"description\":\"\",\"potentialAction\":[{\"@type\":\"SearchAction\",\"target\":{\"@type\":\"EntryPoint\",\"urlTemplate\":\"https:\/\/tremezzina.visitlakecomo.info\/?s={search_term_string}\"},\"query-input\":{\"@type\":\"PropertyValueSpecification\",\"valueRequired\":true,\"valueName\":\"search_term_string\"}}],\"inLanguage\":\"de\"}]}<\/script>\n<!-- \/ Yoast SEO plugin. -->","yoast_head_json":{"title":"Villa Carlotta in Tremezzina: Geschichte und G\u00e4rten","description":"Entdecken Sie die Villa Carlotta in Tremezzina am Comer See: ein Juwel aus Kunst, Natur und botanischen G\u00e4rten.","robots":{"index":"index","follow":"follow","max-snippet":"max-snippet:-1","max-image-preview":"max-image-preview:large","max-video-preview":"max-video-preview:-1"},"canonical":"https:\/\/tremezzina.visitlakecomo.info\/de\/region\/villa-carlotta","og_locale":"de_DE","og_type":"article","og_title":"Villa Carlotta in Tremezzina: Geschichte und G\u00e4rten","og_description":"Entdecken Sie die Villa Carlotta in Tremezzina am Comer See: ein Juwel aus Kunst, Natur und botanischen G\u00e4rten.","og_url":"https:\/\/tremezzina.visitlakecomo.info\/de\/region\/villa-carlotta","og_site_name":"Visit Tremezzina","article_modified_time":"2025-06-17T09:46:03+00:00","twitter_card":"summary_large_image","schema":{"@context":"https:\/\/schema.org","@graph":[{"@type":"WebPage","@id":"https:\/\/tremezzina.visitlakecomo.info\/de\/region\/villa-carlotta","url":"https:\/\/tremezzina.visitlakecomo.info\/de\/region\/villa-carlotta","name":"Villa Carlotta in Tremezzina: Geschichte und G\u00e4rten","isPartOf":{"@id":"https:\/\/tremezzina.visitlakecomo.info\/#website"},"datePublished":"2025-05-14T14:46:34+00:00","dateModified":"2025-06-17T09:46:03+00:00","description":"Entdecken Sie die Villa Carlotta in Tremezzina am Comer See: ein Juwel aus Kunst, Natur und botanischen G\u00e4rten.","breadcrumb":{"@id":"https:\/\/tremezzina.visitlakecomo.info\/de\/region\/villa-carlotta#breadcrumb"},"inLanguage":"de","potentialAction":[{"@type":"ReadAction","target":["https:\/\/tremezzina.visitlakecomo.info\/de\/region\/villa-carlotta"]}]},{"@type":"BreadcrumbList","@id":"https:\/\/tremezzina.visitlakecomo.info\/de\/region\/villa-carlotta#breadcrumb","itemListElement":[{"@type":"ListItem","position":1,"name":"Home","item":"https:\/\/tremezzina.visitlakecomo.info\/de"},{"@type":"ListItem","position":2,"name":"Region","item":"https:\/\/tremezzina.visitlakecomo.info\/de\/region"},{"@type":"ListItem","position":3,"name":"Villa Carlotta"}]},{"@type":"WebSite","@id":"https:\/\/tremezzina.visitlakecomo.info\/#website","url":"https:\/\/tremezzina.visitlakecomo.info\/","name":"Visit Tremezzina","description":"","potentialAction":[{"@type":"SearchAction","target":{"@type":"EntryPoint","urlTemplate":"https:\/\/tremezzina.visitlakecomo.info\/?s={search_term_string}"},"query-input":{"@type":"PropertyValueSpecification","valueRequired":true,"valueName":"search_term_string"}}],"inLanguage":"de"}]}},"_links":{"self":[{"href":"https:\/\/tremezzina.visitlakecomo.info\/de\/wp-json\/wp\/v2\/pages\/1508","targetHints":{"allow":["GET"]}}],"collection":[{"href":"https:\/\/tremezzina.visitlakecomo.info\/de\/wp-json\/wp\/v2\/pages"}],"about":[{"href":"https:\/\/tremezzina.visitlakecomo.info\/de\/wp-json\/wp\/v2\/types\/page"}],"author":[{"embeddable":true,"href":"https:\/\/tremezzina.visitlakecomo.info\/de\/wp-json\/wp\/v2\/users\/1"}],"replies":[{"embeddable":true,"href":"https:\/\/tremezzina.visitlakecomo.info\/de\/wp-json\/wp\/v2\/comments?post=1508"}],"version-history":[{"count":1,"href":"https:\/\/tremezzina.visitlakecomo.info\/de\/wp-json\/wp\/v2\/pages\/1508\/revisions"}],"predecessor-version":[{"id":1509,"href":"https:\/\/tremezzina.visitlakecomo.info\/de\/wp-json\/wp\/v2\/pages\/1508\/revisions\/1509"}],"up":[{"embeddable":true,"href":"https:\/\/tremezzina.visitlakecomo.info\/de\/wp-json\/wp\/v2\/pages\/1472"}],"wp:attachment":[{"href":"https:\/\/tremezzina.visitlakecomo.info\/de\/wp-json\/wp\/v2\/media?parent=1508"}],"curies":[{"name":"wp","href":"https:\/\/api.w.org\/{rel}","templated":true}]}}