{"id":1512,"date":"2025-05-15T08:36:46","date_gmt":"2025-05-15T08:36:46","guid":{"rendered":"https:\/\/tremezzina.visitlakecomo.info\/region\/isola-comacina"},"modified":"2025-06-17T09:46:03","modified_gmt":"2025-06-17T09:46:03","slug":"isola-comacina","status":"publish","type":"page","link":"https:\/\/tremezzina.visitlakecomo.info\/de\/region\/isola-comacina","title":{"rendered":"Isola Comacina"},"content":{"rendered":"<p>Die Isola Comacina ist <b>die einzige Insel im Comer See<\/b>. Sie befindet sich in der Gemeinde <b>Tremezzina<\/b>, gegen\u00fcber der Bucht an der Westk\u00fcste des Comer Arms, zwischen <b>Argegno<\/b> und der Halbinsel <b>Lavedo<\/b>. Die Isola Comacina ist ein einzigartiges Mikrokosmos, eingebettet in eine Landschaft von <b>au\u00dfergew\u00f6hnlicher Sch\u00f6nheit<\/b> und reich an Geschichte.<\/p>","protected":false},"excerpt":{"rendered":"<p>Die Isola Comacina ist die einzige Insel im Comer See. Sie befindet sich in der Gemeinde Tremezzina, gegen\u00fcber der Bucht an der Westk\u00fcste des Comer Arms, zwischen Argegno und der Halbinsel Lavedo. Die Isola Comacina ist ein einzigartiges Mikrokosmos, eingebettet in eine Landschaft von au\u00dfergew\u00f6hnlicher Sch\u00f6nheit und reich an Geschichte.<\/p>\n","protected":false},"author":1,"featured_media":0,"parent":1472,"menu_order":0,"comment_status":"closed","ping_status":"closed","template":"page-templates\/pagina_box.php","meta":{"_acf_changed":false,"inline_featured_image":false,"footnotes":""},"class_list":["post-1512","page","type-page","status-publish","hentry"],"acf":[],"yoast_head":"<!-- This site is optimized with the Yoast SEO plugin v25.2 - https:\/\/yoast.com\/wordpress\/plugins\/seo\/ -->\n<title>Isola Comacina: Geschichte und Natur am Comer See<\/title>\n<meta name=\"description\" content=\"Entdecken Sie die Isola Comacina, die einzige Insel am Comer See: ein Ort der Geschichte, Kunst und Naturlandschaften.\" \/>\n<meta name=\"robots\" content=\"index, follow, max-snippet:-1, max-image-preview:large, max-video-preview:-1\" \/>\n<link rel=\"canonical\" href=\"https:\/\/tremezzina.visitlakecomo.info\/de\/region\/isola-comacina\" \/>\n<meta property=\"og:locale\" content=\"de_DE\" \/>\n<meta property=\"og:type\" content=\"article\" \/>\n<meta property=\"og:title\" content=\"Isola Comacina: Geschichte und Natur am Comer See\" \/>\n<meta property=\"og:description\" content=\"Entdecken Sie die Isola Comacina, die einzige Insel am Comer See: ein Ort der Geschichte, Kunst und Naturlandschaften.\" \/>\n<meta property=\"og:url\" content=\"https:\/\/tremezzina.visitlakecomo.info\/de\/region\/isola-comacina\" \/>\n<meta property=\"og:site_name\" content=\"Visit Tremezzina\" \/>\n<meta property=\"article:modified_time\" content=\"2025-06-17T09:46:03+00:00\" \/>\n<meta name=\"twitter:card\" content=\"summary_large_image\" \/>\n<script type=\"application\/ld+json\" class=\"yoast-schema-graph\">{\"@context\":\"https:\/\/schema.org\",\"@graph\":[{\"@type\":\"WebPage\",\"@id\":\"https:\/\/tremezzina.visitlakecomo.info\/de\/region\/isola-comacina\",\"url\":\"https:\/\/tremezzina.visitlakecomo.info\/de\/region\/isola-comacina\",\"name\":\"Isola Comacina: Geschichte und Natur am Comer See\",\"isPartOf\":{\"@id\":\"https:\/\/tremezzina.visitlakecomo.info\/#website\"},\"datePublished\":\"2025-05-15T08:36:46+00:00\",\"dateModified\":\"2025-06-17T09:46:03+00:00\",\"description\":\"Entdecken Sie die Isola Comacina, die einzige Insel am Comer See: ein Ort der Geschichte, Kunst und Naturlandschaften.\",\"breadcrumb\":{\"@id\":\"https:\/\/tremezzina.visitlakecomo.info\/de\/region\/isola-comacina#breadcrumb\"},\"inLanguage\":\"de\",\"potentialAction\":[{\"@type\":\"ReadAction\",\"target\":[\"https:\/\/tremezzina.visitlakecomo.info\/de\/region\/isola-comacina\"]}]},{\"@type\":\"BreadcrumbList\",\"@id\":\"https:\/\/tremezzina.visitlakecomo.info\/de\/region\/isola-comacina#breadcrumb\",\"itemListElement\":[{\"@type\":\"ListItem\",\"position\":1,\"name\":\"Home\",\"item\":\"https:\/\/tremezzina.visitlakecomo.info\/de\"},{\"@type\":\"ListItem\",\"position\":2,\"name\":\"Region\",\"item\":\"https:\/\/tremezzina.visitlakecomo.info\/de\/region\"},{\"@type\":\"ListItem\",\"position\":3,\"name\":\"Isola Comacina\"}]},{\"@type\":\"WebSite\",\"@id\":\"https:\/\/tremezzina.visitlakecomo.info\/#website\",\"url\":\"https:\/\/tremezzina.visitlakecomo.info\/\",\"name\":\"Visit Tremezzina\",\"description\":\"\",\"potentialAction\":[{\"@type\":\"SearchAction\",\"target\":{\"@type\":\"EntryPoint\",\"urlTemplate\":\"https:\/\/tremezzina.visitlakecomo.info\/?s={search_term_string}\"},\"query-input\":{\"@type\":\"PropertyValueSpecification\",\"valueRequired\":true,\"valueName\":\"search_term_string\"}}],\"inLanguage\":\"de\"}]}<\/script>\n<!-- \/ Yoast SEO plugin. -->","yoast_head_json":{"title":"Isola Comacina: Geschichte und Natur am Comer See","description":"Entdecken Sie die Isola Comacina, die einzige Insel am Comer See: ein Ort der Geschichte, Kunst und Naturlandschaften.","robots":{"index":"index","follow":"follow","max-snippet":"max-snippet:-1","max-image-preview":"max-image-preview:large","max-video-preview":"max-video-preview:-1"},"canonical":"https:\/\/tremezzina.visitlakecomo.info\/de\/region\/isola-comacina","og_locale":"de_DE","og_type":"article","og_title":"Isola Comacina: Geschichte und Natur am Comer See","og_description":"Entdecken Sie die Isola Comacina, die einzige Insel am Comer See: ein Ort der Geschichte, Kunst und Naturlandschaften.","og_url":"https:\/\/tremezzina.visitlakecomo.info\/de\/region\/isola-comacina","og_site_name":"Visit Tremezzina","article_modified_time":"2025-06-17T09:46:03+00:00","twitter_card":"summary_large_image","schema":{"@context":"https:\/\/schema.org","@graph":[{"@type":"WebPage","@id":"https:\/\/tremezzina.visitlakecomo.info\/de\/region\/isola-comacina","url":"https:\/\/tremezzina.visitlakecomo.info\/de\/region\/isola-comacina","name":"Isola Comacina: Geschichte und Natur am Comer See","isPartOf":{"@id":"https:\/\/tremezzina.visitlakecomo.info\/#website"},"datePublished":"2025-05-15T08:36:46+00:00","dateModified":"2025-06-17T09:46:03+00:00","description":"Entdecken Sie die Isola Comacina, die einzige Insel am Comer See: ein Ort der Geschichte, Kunst und Naturlandschaften.","breadcrumb":{"@id":"https:\/\/tremezzina.visitlakecomo.info\/de\/region\/isola-comacina#breadcrumb"},"inLanguage":"de","potentialAction":[{"@type":"ReadAction","target":["https:\/\/tremezzina.visitlakecomo.info\/de\/region\/isola-comacina"]}]},{"@type":"BreadcrumbList","@id":"https:\/\/tremezzina.visitlakecomo.info\/de\/region\/isola-comacina#breadcrumb","itemListElement":[{"@type":"ListItem","position":1,"name":"Home","item":"https:\/\/tremezzina.visitlakecomo.info\/de"},{"@type":"ListItem","position":2,"name":"Region","item":"https:\/\/tremezzina.visitlakecomo.info\/de\/region"},{"@type":"ListItem","position":3,"name":"Isola Comacina"}]},{"@type":"WebSite","@id":"https:\/\/tremezzina.visitlakecomo.info\/#website","url":"https:\/\/tremezzina.visitlakecomo.info\/","name":"Visit Tremezzina","description":"","potentialAction":[{"@type":"SearchAction","target":{"@type":"EntryPoint","urlTemplate":"https:\/\/tremezzina.visitlakecomo.info\/?s={search_term_string}"},"query-input":{"@type":"PropertyValueSpecification","valueRequired":true,"valueName":"search_term_string"}}],"inLanguage":"de"}]}},"_links":{"self":[{"href":"https:\/\/tremezzina.visitlakecomo.info\/de\/wp-json\/wp\/v2\/pages\/1512","targetHints":{"allow":["GET"]}}],"collection":[{"href":"https:\/\/tremezzina.visitlakecomo.info\/de\/wp-json\/wp\/v2\/pages"}],"about":[{"href":"https:\/\/tremezzina.visitlakecomo.info\/de\/wp-json\/wp\/v2\/types\/page"}],"author":[{"embeddable":true,"href":"https:\/\/tremezzina.visitlakecomo.info\/de\/wp-json\/wp\/v2\/users\/1"}],"replies":[{"embeddable":true,"href":"https:\/\/tremezzina.visitlakecomo.info\/de\/wp-json\/wp\/v2\/comments?post=1512"}],"version-history":[{"count":1,"href":"https:\/\/tremezzina.visitlakecomo.info\/de\/wp-json\/wp\/v2\/pages\/1512\/revisions"}],"predecessor-version":[{"id":1513,"href":"https:\/\/tremezzina.visitlakecomo.info\/de\/wp-json\/wp\/v2\/pages\/1512\/revisions\/1513"}],"up":[{"embeddable":true,"href":"https:\/\/tremezzina.visitlakecomo.info\/de\/wp-json\/wp\/v2\/pages\/1472"}],"wp:attachment":[{"href":"https:\/\/tremezzina.visitlakecomo.info\/de\/wp-json\/wp\/v2\/media?parent=1512"}],"curies":[{"name":"wp","href":"https:\/\/api.w.org\/{rel}","templated":true}]}}