{"id":1540,"date":"2025-04-12T11:31:37","date_gmt":"2025-04-12T11:31:37","guid":{"rendered":"https:\/\/tremezzina.visitlakecomo.info\/empresas\/arredamento"},"modified":"2025-06-17T09:46:24","modified_gmt":"2025-06-17T09:46:24","slug":"arredamento","status":"publish","type":"page","link":"https:\/\/tremezzina.visitlakecomo.info\/es\/empresas\/arredamento","title":{"rendered":"Arredamento"},"content":{"rendered":"<p>Muebles y art\u00edculos de decoraci\u00f3n cl\u00e1sicos y modernos, rigurosamente Made in Italy: estos son las <b>tiendas m\u00e1s renombradas de Tremezzina<\/b>.<\/p>","protected":false},"excerpt":{"rendered":"<p>Muebles y art\u00edculos de decoraci\u00f3n cl\u00e1sicos y modernos, rigurosamente Made in Italy: estos son las tiendas m\u00e1s renombradas de Tremezzina.<\/p>\n","protected":false},"author":1,"featured_media":0,"parent":1530,"menu_order":0,"comment_status":"closed","ping_status":"closed","template":"page-templates\/categoria_imprese.php","meta":{"_acf_changed":false,"inline_featured_image":false,"footnotes":""},"class_list":["post-1540","page","type-page","status-publish","hentry"],"acf":[],"yoast_head":"<!-- This site is optimized with the Yoast SEO plugin v25.2 - https:\/\/yoast.com\/wordpress\/plugins\/seo\/ -->\n<title>Tiendas de mobiliario en Tremezzina - Visit Tremezzina<\/title>\n<meta name=\"description\" content=\"Muebles y art\u00edculos de decoraci\u00f3n cl\u00e1sicos y modernos, rigurosamente Made in Italy: descubre las tiendas de mobiliario en Tremezzina.\" \/>\n<meta name=\"robots\" content=\"index, follow, max-snippet:-1, max-image-preview:large, max-video-preview:-1\" \/>\n<link rel=\"canonical\" href=\"https:\/\/tremezzina.visitlakecomo.info\/es\/empresas\/arredamento\" \/>\n<meta property=\"og:locale\" content=\"es_ES\" \/>\n<meta property=\"og:type\" content=\"article\" \/>\n<meta property=\"og:title\" content=\"Tiendas de mobiliario en Tremezzina - Visit Tremezzina\" \/>\n<meta property=\"og:description\" content=\"Muebles y art\u00edculos de decoraci\u00f3n cl\u00e1sicos y modernos, rigurosamente Made in Italy: descubre las tiendas de mobiliario en Tremezzina.\" \/>\n<meta property=\"og:url\" content=\"https:\/\/tremezzina.visitlakecomo.info\/es\/empresas\/arredamento\" \/>\n<meta property=\"og:site_name\" content=\"Visit Tremezzina\" \/>\n<meta property=\"article:modified_time\" content=\"2025-06-17T09:46:24+00:00\" \/>\n<meta name=\"twitter:card\" content=\"summary_large_image\" \/>\n<script type=\"application\/ld+json\" class=\"yoast-schema-graph\">{\"@context\":\"https:\/\/schema.org\",\"@graph\":[{\"@type\":\"WebPage\",\"@id\":\"https:\/\/tremezzina.visitlakecomo.info\/es\/empresas\/arredamento\",\"url\":\"https:\/\/tremezzina.visitlakecomo.info\/es\/empresas\/arredamento\",\"name\":\"Tiendas de mobiliario en Tremezzina - Visit Tremezzina\",\"isPartOf\":{\"@id\":\"https:\/\/tremezzina.visitlakecomo.info\/#website\"},\"datePublished\":\"2025-04-12T11:31:37+00:00\",\"dateModified\":\"2025-06-17T09:46:24+00:00\",\"description\":\"Muebles y art\u00edculos de decoraci\u00f3n cl\u00e1sicos y modernos, rigurosamente Made in Italy: descubre las tiendas de mobiliario en Tremezzina.\",\"breadcrumb\":{\"@id\":\"https:\/\/tremezzina.visitlakecomo.info\/es\/empresas\/arredamento#breadcrumb\"},\"inLanguage\":\"es\",\"potentialAction\":[{\"@type\":\"ReadAction\",\"target\":[\"https:\/\/tremezzina.visitlakecomo.info\/es\/empresas\/arredamento\"]}]},{\"@type\":\"BreadcrumbList\",\"@id\":\"https:\/\/tremezzina.visitlakecomo.info\/es\/empresas\/arredamento#breadcrumb\",\"itemListElement\":[{\"@type\":\"ListItem\",\"position\":1,\"name\":\"Home\",\"item\":\"https:\/\/tremezzina.visitlakecomo.info\/es\"},{\"@type\":\"ListItem\",\"position\":2,\"name\":\"Empresas\",\"item\":\"https:\/\/tremezzina.visitlakecomo.info\/es\/empresas\"},{\"@type\":\"ListItem\",\"position\":3,\"name\":\"Arredamento\"}]},{\"@type\":\"WebSite\",\"@id\":\"https:\/\/tremezzina.visitlakecomo.info\/#website\",\"url\":\"https:\/\/tremezzina.visitlakecomo.info\/\",\"name\":\"Visit Tremezzina\",\"description\":\"\",\"potentialAction\":[{\"@type\":\"SearchAction\",\"target\":{\"@type\":\"EntryPoint\",\"urlTemplate\":\"https:\/\/tremezzina.visitlakecomo.info\/?s={search_term_string}\"},\"query-input\":{\"@type\":\"PropertyValueSpecification\",\"valueRequired\":true,\"valueName\":\"search_term_string\"}}],\"inLanguage\":\"es\"}]}<\/script>\n<!-- \/ Yoast SEO plugin. -->","yoast_head_json":{"title":"Tiendas de mobiliario en Tremezzina - Visit Tremezzina","description":"Muebles y art\u00edculos de decoraci\u00f3n cl\u00e1sicos y modernos, rigurosamente Made in Italy: descubre las tiendas de mobiliario en Tremezzina.","robots":{"index":"index","follow":"follow","max-snippet":"max-snippet:-1","max-image-preview":"max-image-preview:large","max-video-preview":"max-video-preview:-1"},"canonical":"https:\/\/tremezzina.visitlakecomo.info\/es\/empresas\/arredamento","og_locale":"es_ES","og_type":"article","og_title":"Tiendas de mobiliario en Tremezzina - Visit Tremezzina","og_description":"Muebles y art\u00edculos de decoraci\u00f3n cl\u00e1sicos y modernos, rigurosamente Made in Italy: descubre las tiendas de mobiliario en Tremezzina.","og_url":"https:\/\/tremezzina.visitlakecomo.info\/es\/empresas\/arredamento","og_site_name":"Visit Tremezzina","article_modified_time":"2025-06-17T09:46:24+00:00","twitter_card":"summary_large_image","schema":{"@context":"https:\/\/schema.org","@graph":[{"@type":"WebPage","@id":"https:\/\/tremezzina.visitlakecomo.info\/es\/empresas\/arredamento","url":"https:\/\/tremezzina.visitlakecomo.info\/es\/empresas\/arredamento","name":"Tiendas de mobiliario en Tremezzina - Visit Tremezzina","isPartOf":{"@id":"https:\/\/tremezzina.visitlakecomo.info\/#website"},"datePublished":"2025-04-12T11:31:37+00:00","dateModified":"2025-06-17T09:46:24+00:00","description":"Muebles y art\u00edculos de decoraci\u00f3n cl\u00e1sicos y modernos, rigurosamente Made in Italy: descubre las tiendas de mobiliario en Tremezzina.","breadcrumb":{"@id":"https:\/\/tremezzina.visitlakecomo.info\/es\/empresas\/arredamento#breadcrumb"},"inLanguage":"es","potentialAction":[{"@type":"ReadAction","target":["https:\/\/tremezzina.visitlakecomo.info\/es\/empresas\/arredamento"]}]},{"@type":"BreadcrumbList","@id":"https:\/\/tremezzina.visitlakecomo.info\/es\/empresas\/arredamento#breadcrumb","itemListElement":[{"@type":"ListItem","position":1,"name":"Home","item":"https:\/\/tremezzina.visitlakecomo.info\/es"},{"@type":"ListItem","position":2,"name":"Empresas","item":"https:\/\/tremezzina.visitlakecomo.info\/es\/empresas"},{"@type":"ListItem","position":3,"name":"Arredamento"}]},{"@type":"WebSite","@id":"https:\/\/tremezzina.visitlakecomo.info\/#website","url":"https:\/\/tremezzina.visitlakecomo.info\/","name":"Visit Tremezzina","description":"","potentialAction":[{"@type":"SearchAction","target":{"@type":"EntryPoint","urlTemplate":"https:\/\/tremezzina.visitlakecomo.info\/?s={search_term_string}"},"query-input":{"@type":"PropertyValueSpecification","valueRequired":true,"valueName":"search_term_string"}}],"inLanguage":"es"}]}},"_links":{"self":[{"href":"https:\/\/tremezzina.visitlakecomo.info\/es\/wp-json\/wp\/v2\/pages\/1540","targetHints":{"allow":["GET"]}}],"collection":[{"href":"https:\/\/tremezzina.visitlakecomo.info\/es\/wp-json\/wp\/v2\/pages"}],"about":[{"href":"https:\/\/tremezzina.visitlakecomo.info\/es\/wp-json\/wp\/v2\/types\/page"}],"author":[{"embeddable":true,"href":"https:\/\/tremezzina.visitlakecomo.info\/es\/wp-json\/wp\/v2\/users\/1"}],"replies":[{"embeddable":true,"href":"https:\/\/tremezzina.visitlakecomo.info\/es\/wp-json\/wp\/v2\/comments?post=1540"}],"version-history":[{"count":1,"href":"https:\/\/tremezzina.visitlakecomo.info\/es\/wp-json\/wp\/v2\/pages\/1540\/revisions"}],"predecessor-version":[{"id":1541,"href":"https:\/\/tremezzina.visitlakecomo.info\/es\/wp-json\/wp\/v2\/pages\/1540\/revisions\/1541"}],"up":[{"embeddable":true,"href":"https:\/\/tremezzina.visitlakecomo.info\/es\/wp-json\/wp\/v2\/pages\/1530"}],"wp:attachment":[{"href":"https:\/\/tremezzina.visitlakecomo.info\/es\/wp-json\/wp\/v2\/media?parent=1540"}],"curies":[{"name":"wp","href":"https:\/\/api.w.org\/{rel}","templated":true}]}}