{"id":1562,"date":"2025-05-14T14:46:34","date_gmt":"2025-05-14T14:46:34","guid":{"rendered":"https:\/\/tremezzina.visitlakecomo.info\/territorio\/villa-carlotta"},"modified":"2025-06-17T09:46:25","modified_gmt":"2025-06-17T09:46:25","slug":"villa-carlotta","status":"publish","type":"page","link":"https:\/\/tremezzina.visitlakecomo.info\/es\/territorio\/villa-carlotta","title":{"rendered":"Villa Carlotta"},"content":{"rendered":"<p>Frente al <b>Lago de Como, Villa Carlotta<\/b> es una de las <b>residencias hist\u00f3ricas<\/b> m\u00e1s fascinantes de Italia, inmersa en un paisaje de ensue\u00f1o. Construida a finales del siglo XVII, la villa toma su nombre de la princesa <b>Carlota de Prusia<\/b>, a quien su madre la regal\u00f3 como obsequio de boda.<\/p><p>Hoy en d\u00eda, <b>Villa Carlotta est\u00e1 abierta al p\u00fablico<\/b> como museo y jard\u00edn bot\u00e1nico, con una rica oferta de exposiciones de arte, talleres para familias y actividades educativas.<\/p>","protected":false},"excerpt":{"rendered":"<p>Frente al Lago de Como, Villa Carlotta es una de las residencias hist\u00f3ricas m\u00e1s fascinantes de Italia, inmersa en un paisaje de ensue\u00f1o. Construida a finales del siglo XVII, la villa toma su nombre de la princesa Carlota de Prusia, a quien su madre la regal\u00f3 como obsequio de boda. Hoy en d\u00eda, Villa Carlotta &hellip;<\/p>\n","protected":false},"author":1,"featured_media":0,"parent":1526,"menu_order":0,"comment_status":"closed","ping_status":"closed","template":"page-templates\/pagina_box.php","meta":{"_acf_changed":false,"inline_featured_image":false,"footnotes":""},"class_list":["post-1562","page","type-page","status-publish","hentry"],"acf":[],"yoast_head":"<!-- This site is optimized with the Yoast SEO plugin v25.2 - https:\/\/yoast.com\/wordpress\/plugins\/seo\/ -->\n<title>Villa Carlotta en Tremezzina: historia y jardines<\/title>\n<meta name=\"description\" content=\"Descubre Villa Carlotta en Tremezzina, en el Lago de Como: una joya entre arte, naturaleza y jardines bot\u00e1nicos encantadores.\" \/>\n<meta name=\"robots\" content=\"index, follow, max-snippet:-1, max-image-preview:large, max-video-preview:-1\" \/>\n<link rel=\"canonical\" href=\"https:\/\/tremezzina.visitlakecomo.info\/es\/territorio\/villa-carlotta\" \/>\n<meta property=\"og:locale\" content=\"es_ES\" \/>\n<meta property=\"og:type\" content=\"article\" \/>\n<meta property=\"og:title\" content=\"Villa Carlotta en Tremezzina: historia y jardines\" \/>\n<meta property=\"og:description\" content=\"Descubre Villa Carlotta en Tremezzina, en el Lago de Como: una joya entre arte, naturaleza y jardines bot\u00e1nicos encantadores.\" \/>\n<meta property=\"og:url\" content=\"https:\/\/tremezzina.visitlakecomo.info\/es\/territorio\/villa-carlotta\" \/>\n<meta property=\"og:site_name\" content=\"Visit Tremezzina\" \/>\n<meta property=\"article:modified_time\" content=\"2025-06-17T09:46:25+00:00\" \/>\n<meta name=\"twitter:card\" content=\"summary_large_image\" \/>\n<script type=\"application\/ld+json\" class=\"yoast-schema-graph\">{\"@context\":\"https:\/\/schema.org\",\"@graph\":[{\"@type\":\"WebPage\",\"@id\":\"https:\/\/tremezzina.visitlakecomo.info\/es\/territorio\/villa-carlotta\",\"url\":\"https:\/\/tremezzina.visitlakecomo.info\/es\/territorio\/villa-carlotta\",\"name\":\"Villa Carlotta en Tremezzina: historia y jardines\",\"isPartOf\":{\"@id\":\"https:\/\/tremezzina.visitlakecomo.info\/#website\"},\"datePublished\":\"2025-05-14T14:46:34+00:00\",\"dateModified\":\"2025-06-17T09:46:25+00:00\",\"description\":\"Descubre Villa Carlotta en Tremezzina, en el Lago de Como: una joya entre arte, naturaleza y jardines bot\u00e1nicos encantadores.\",\"breadcrumb\":{\"@id\":\"https:\/\/tremezzina.visitlakecomo.info\/es\/territorio\/villa-carlotta#breadcrumb\"},\"inLanguage\":\"es\",\"potentialAction\":[{\"@type\":\"ReadAction\",\"target\":[\"https:\/\/tremezzina.visitlakecomo.info\/es\/territorio\/villa-carlotta\"]}]},{\"@type\":\"BreadcrumbList\",\"@id\":\"https:\/\/tremezzina.visitlakecomo.info\/es\/territorio\/villa-carlotta#breadcrumb\",\"itemListElement\":[{\"@type\":\"ListItem\",\"position\":1,\"name\":\"Home\",\"item\":\"https:\/\/tremezzina.visitlakecomo.info\/es\"},{\"@type\":\"ListItem\",\"position\":2,\"name\":\"Territorio\",\"item\":\"https:\/\/tremezzina.visitlakecomo.info\/es\/territorio\"},{\"@type\":\"ListItem\",\"position\":3,\"name\":\"Villa Carlotta\"}]},{\"@type\":\"WebSite\",\"@id\":\"https:\/\/tremezzina.visitlakecomo.info\/#website\",\"url\":\"https:\/\/tremezzina.visitlakecomo.info\/\",\"name\":\"Visit Tremezzina\",\"description\":\"\",\"potentialAction\":[{\"@type\":\"SearchAction\",\"target\":{\"@type\":\"EntryPoint\",\"urlTemplate\":\"https:\/\/tremezzina.visitlakecomo.info\/?s={search_term_string}\"},\"query-input\":{\"@type\":\"PropertyValueSpecification\",\"valueRequired\":true,\"valueName\":\"search_term_string\"}}],\"inLanguage\":\"es\"}]}<\/script>\n<!-- \/ Yoast SEO plugin. -->","yoast_head_json":{"title":"Villa Carlotta en Tremezzina: historia y jardines","description":"Descubre Villa Carlotta en Tremezzina, en el Lago de Como: una joya entre arte, naturaleza y jardines bot\u00e1nicos encantadores.","robots":{"index":"index","follow":"follow","max-snippet":"max-snippet:-1","max-image-preview":"max-image-preview:large","max-video-preview":"max-video-preview:-1"},"canonical":"https:\/\/tremezzina.visitlakecomo.info\/es\/territorio\/villa-carlotta","og_locale":"es_ES","og_type":"article","og_title":"Villa Carlotta en Tremezzina: historia y jardines","og_description":"Descubre Villa Carlotta en Tremezzina, en el Lago de Como: una joya entre arte, naturaleza y jardines bot\u00e1nicos encantadores.","og_url":"https:\/\/tremezzina.visitlakecomo.info\/es\/territorio\/villa-carlotta","og_site_name":"Visit Tremezzina","article_modified_time":"2025-06-17T09:46:25+00:00","twitter_card":"summary_large_image","schema":{"@context":"https:\/\/schema.org","@graph":[{"@type":"WebPage","@id":"https:\/\/tremezzina.visitlakecomo.info\/es\/territorio\/villa-carlotta","url":"https:\/\/tremezzina.visitlakecomo.info\/es\/territorio\/villa-carlotta","name":"Villa Carlotta en Tremezzina: historia y jardines","isPartOf":{"@id":"https:\/\/tremezzina.visitlakecomo.info\/#website"},"datePublished":"2025-05-14T14:46:34+00:00","dateModified":"2025-06-17T09:46:25+00:00","description":"Descubre Villa Carlotta en Tremezzina, en el Lago de Como: una joya entre arte, naturaleza y jardines bot\u00e1nicos encantadores.","breadcrumb":{"@id":"https:\/\/tremezzina.visitlakecomo.info\/es\/territorio\/villa-carlotta#breadcrumb"},"inLanguage":"es","potentialAction":[{"@type":"ReadAction","target":["https:\/\/tremezzina.visitlakecomo.info\/es\/territorio\/villa-carlotta"]}]},{"@type":"BreadcrumbList","@id":"https:\/\/tremezzina.visitlakecomo.info\/es\/territorio\/villa-carlotta#breadcrumb","itemListElement":[{"@type":"ListItem","position":1,"name":"Home","item":"https:\/\/tremezzina.visitlakecomo.info\/es"},{"@type":"ListItem","position":2,"name":"Territorio","item":"https:\/\/tremezzina.visitlakecomo.info\/es\/territorio"},{"@type":"ListItem","position":3,"name":"Villa Carlotta"}]},{"@type":"WebSite","@id":"https:\/\/tremezzina.visitlakecomo.info\/#website","url":"https:\/\/tremezzina.visitlakecomo.info\/","name":"Visit Tremezzina","description":"","potentialAction":[{"@type":"SearchAction","target":{"@type":"EntryPoint","urlTemplate":"https:\/\/tremezzina.visitlakecomo.info\/?s={search_term_string}"},"query-input":{"@type":"PropertyValueSpecification","valueRequired":true,"valueName":"search_term_string"}}],"inLanguage":"es"}]}},"_links":{"self":[{"href":"https:\/\/tremezzina.visitlakecomo.info\/es\/wp-json\/wp\/v2\/pages\/1562","targetHints":{"allow":["GET"]}}],"collection":[{"href":"https:\/\/tremezzina.visitlakecomo.info\/es\/wp-json\/wp\/v2\/pages"}],"about":[{"href":"https:\/\/tremezzina.visitlakecomo.info\/es\/wp-json\/wp\/v2\/types\/page"}],"author":[{"embeddable":true,"href":"https:\/\/tremezzina.visitlakecomo.info\/es\/wp-json\/wp\/v2\/users\/1"}],"replies":[{"embeddable":true,"href":"https:\/\/tremezzina.visitlakecomo.info\/es\/wp-json\/wp\/v2\/comments?post=1562"}],"version-history":[{"count":1,"href":"https:\/\/tremezzina.visitlakecomo.info\/es\/wp-json\/wp\/v2\/pages\/1562\/revisions"}],"predecessor-version":[{"id":1563,"href":"https:\/\/tremezzina.visitlakecomo.info\/es\/wp-json\/wp\/v2\/pages\/1562\/revisions\/1563"}],"up":[{"embeddable":true,"href":"https:\/\/tremezzina.visitlakecomo.info\/es\/wp-json\/wp\/v2\/pages\/1526"}],"wp:attachment":[{"href":"https:\/\/tremezzina.visitlakecomo.info\/es\/wp-json\/wp\/v2\/media?parent=1562"}],"curies":[{"name":"wp","href":"https:\/\/api.w.org\/{rel}","templated":true}]}}