{"id":1564,"date":"2025-05-15T08:25:51","date_gmt":"2025-05-15T08:25:51","guid":{"rendered":"https:\/\/tremezzina.visitlakecomo.info\/territorio\/villa-del-balbianello"},"modified":"2025-06-17T09:46:25","modified_gmt":"2025-06-17T09:46:25","slug":"villa-del-balbianello","status":"publish","type":"page","link":"https:\/\/tremezzina.visitlakecomo.info\/es\/territorio\/villa-del-balbianello","title":{"rendered":"Villa del Balbianello"},"content":{"rendered":"<p>Villa del Balbianello, enclavada en la punta de la <b>pen\u00ednsula de Lavedo en Lenno<\/b>, pedan\u00eda de <b>Tremezzina<\/b>, es una de las joyas m\u00e1s preciadas del <b>Lago de Como<\/b>.<\/p><p>Construida en 1787 por el cardenal Angelo Maria Durini sobre un antiguo monasterio franciscano, la villa se convirti\u00f3 r\u00e1pidamente en un <b>refinado<\/b> <b>punto de encuentro para intelectuales y artistas<\/b> de la \u00e9poca.<\/p><p>Villa del Balbianello est\u00e1 abierta a <b>visitas<\/b> con <b>reserva<\/b> obligatoria.<\/p>","protected":false},"excerpt":{"rendered":"<p>Villa del Balbianello, enclavada en la punta de la pen\u00ednsula de Lavedo en Lenno, pedan\u00eda de Tremezzina, es una de las joyas m\u00e1s preciadas del Lago de Como. Construida en 1787 por el cardenal Angelo Maria Durini sobre un antiguo monasterio franciscano, la villa se convirti\u00f3 r\u00e1pidamente en un refinado punto de encuentro para intelectuales &hellip;<\/p>\n","protected":false},"author":1,"featured_media":0,"parent":1526,"menu_order":0,"comment_status":"closed","ping_status":"closed","template":"page-templates\/pagina_box.php","meta":{"_acf_changed":false,"inline_featured_image":false,"footnotes":""},"class_list":["post-1564","page","type-page","status-publish","hentry"],"acf":[],"yoast_head":"<!-- This site is optimized with the Yoast SEO plugin v25.2 - https:\/\/yoast.com\/wordpress\/plugins\/seo\/ -->\n<title>Villa del Balbianello en Tremezzina: joya del Lago de Como<\/title>\n<meta name=\"description\" content=\"Descubre la Villa del Balbianello en Tremezzina, su historia y sus jardines panor\u00e1micos.\" \/>\n<meta name=\"robots\" content=\"index, follow, max-snippet:-1, max-image-preview:large, max-video-preview:-1\" \/>\n<link rel=\"canonical\" href=\"https:\/\/tremezzina.visitlakecomo.info\/es\/territorio\/villa-del-balbianello\" \/>\n<meta property=\"og:locale\" content=\"es_ES\" \/>\n<meta property=\"og:type\" content=\"article\" \/>\n<meta property=\"og:title\" content=\"Villa del Balbianello en Tremezzina: joya del Lago de Como\" \/>\n<meta property=\"og:description\" content=\"Descubre la Villa del Balbianello en Tremezzina, su historia y sus jardines panor\u00e1micos.\" \/>\n<meta property=\"og:url\" content=\"https:\/\/tremezzina.visitlakecomo.info\/es\/territorio\/villa-del-balbianello\" \/>\n<meta property=\"og:site_name\" content=\"Visit Tremezzina\" \/>\n<meta property=\"article:modified_time\" content=\"2025-06-17T09:46:25+00:00\" \/>\n<meta name=\"twitter:card\" content=\"summary_large_image\" \/>\n<script type=\"application\/ld+json\" class=\"yoast-schema-graph\">{\"@context\":\"https:\/\/schema.org\",\"@graph\":[{\"@type\":\"WebPage\",\"@id\":\"https:\/\/tremezzina.visitlakecomo.info\/es\/territorio\/villa-del-balbianello\",\"url\":\"https:\/\/tremezzina.visitlakecomo.info\/es\/territorio\/villa-del-balbianello\",\"name\":\"Villa del Balbianello en Tremezzina: joya del Lago de Como\",\"isPartOf\":{\"@id\":\"https:\/\/tremezzina.visitlakecomo.info\/#website\"},\"datePublished\":\"2025-05-15T08:25:51+00:00\",\"dateModified\":\"2025-06-17T09:46:25+00:00\",\"description\":\"Descubre la Villa del Balbianello en Tremezzina, su historia y sus jardines panor\u00e1micos.\",\"breadcrumb\":{\"@id\":\"https:\/\/tremezzina.visitlakecomo.info\/es\/territorio\/villa-del-balbianello#breadcrumb\"},\"inLanguage\":\"es\",\"potentialAction\":[{\"@type\":\"ReadAction\",\"target\":[\"https:\/\/tremezzina.visitlakecomo.info\/es\/territorio\/villa-del-balbianello\"]}]},{\"@type\":\"BreadcrumbList\",\"@id\":\"https:\/\/tremezzina.visitlakecomo.info\/es\/territorio\/villa-del-balbianello#breadcrumb\",\"itemListElement\":[{\"@type\":\"ListItem\",\"position\":1,\"name\":\"Home\",\"item\":\"https:\/\/tremezzina.visitlakecomo.info\/es\"},{\"@type\":\"ListItem\",\"position\":2,\"name\":\"Territorio\",\"item\":\"https:\/\/tremezzina.visitlakecomo.info\/es\/territorio\"},{\"@type\":\"ListItem\",\"position\":3,\"name\":\"Villa del Balbianello\"}]},{\"@type\":\"WebSite\",\"@id\":\"https:\/\/tremezzina.visitlakecomo.info\/#website\",\"url\":\"https:\/\/tremezzina.visitlakecomo.info\/\",\"name\":\"Visit Tremezzina\",\"description\":\"\",\"potentialAction\":[{\"@type\":\"SearchAction\",\"target\":{\"@type\":\"EntryPoint\",\"urlTemplate\":\"https:\/\/tremezzina.visitlakecomo.info\/?s={search_term_string}\"},\"query-input\":{\"@type\":\"PropertyValueSpecification\",\"valueRequired\":true,\"valueName\":\"search_term_string\"}}],\"inLanguage\":\"es\"}]}<\/script>\n<!-- \/ Yoast SEO plugin. -->","yoast_head_json":{"title":"Villa del Balbianello en Tremezzina: joya del Lago de Como","description":"Descubre la Villa del Balbianello en Tremezzina, su historia y sus jardines panor\u00e1micos.","robots":{"index":"index","follow":"follow","max-snippet":"max-snippet:-1","max-image-preview":"max-image-preview:large","max-video-preview":"max-video-preview:-1"},"canonical":"https:\/\/tremezzina.visitlakecomo.info\/es\/territorio\/villa-del-balbianello","og_locale":"es_ES","og_type":"article","og_title":"Villa del Balbianello en Tremezzina: joya del Lago de Como","og_description":"Descubre la Villa del Balbianello en Tremezzina, su historia y sus jardines panor\u00e1micos.","og_url":"https:\/\/tremezzina.visitlakecomo.info\/es\/territorio\/villa-del-balbianello","og_site_name":"Visit Tremezzina","article_modified_time":"2025-06-17T09:46:25+00:00","twitter_card":"summary_large_image","schema":{"@context":"https:\/\/schema.org","@graph":[{"@type":"WebPage","@id":"https:\/\/tremezzina.visitlakecomo.info\/es\/territorio\/villa-del-balbianello","url":"https:\/\/tremezzina.visitlakecomo.info\/es\/territorio\/villa-del-balbianello","name":"Villa del Balbianello en Tremezzina: joya del Lago de Como","isPartOf":{"@id":"https:\/\/tremezzina.visitlakecomo.info\/#website"},"datePublished":"2025-05-15T08:25:51+00:00","dateModified":"2025-06-17T09:46:25+00:00","description":"Descubre la Villa del Balbianello en Tremezzina, su historia y sus jardines panor\u00e1micos.","breadcrumb":{"@id":"https:\/\/tremezzina.visitlakecomo.info\/es\/territorio\/villa-del-balbianello#breadcrumb"},"inLanguage":"es","potentialAction":[{"@type":"ReadAction","target":["https:\/\/tremezzina.visitlakecomo.info\/es\/territorio\/villa-del-balbianello"]}]},{"@type":"BreadcrumbList","@id":"https:\/\/tremezzina.visitlakecomo.info\/es\/territorio\/villa-del-balbianello#breadcrumb","itemListElement":[{"@type":"ListItem","position":1,"name":"Home","item":"https:\/\/tremezzina.visitlakecomo.info\/es"},{"@type":"ListItem","position":2,"name":"Territorio","item":"https:\/\/tremezzina.visitlakecomo.info\/es\/territorio"},{"@type":"ListItem","position":3,"name":"Villa del Balbianello"}]},{"@type":"WebSite","@id":"https:\/\/tremezzina.visitlakecomo.info\/#website","url":"https:\/\/tremezzina.visitlakecomo.info\/","name":"Visit Tremezzina","description":"","potentialAction":[{"@type":"SearchAction","target":{"@type":"EntryPoint","urlTemplate":"https:\/\/tremezzina.visitlakecomo.info\/?s={search_term_string}"},"query-input":{"@type":"PropertyValueSpecification","valueRequired":true,"valueName":"search_term_string"}}],"inLanguage":"es"}]}},"_links":{"self":[{"href":"https:\/\/tremezzina.visitlakecomo.info\/es\/wp-json\/wp\/v2\/pages\/1564","targetHints":{"allow":["GET"]}}],"collection":[{"href":"https:\/\/tremezzina.visitlakecomo.info\/es\/wp-json\/wp\/v2\/pages"}],"about":[{"href":"https:\/\/tremezzina.visitlakecomo.info\/es\/wp-json\/wp\/v2\/types\/page"}],"author":[{"embeddable":true,"href":"https:\/\/tremezzina.visitlakecomo.info\/es\/wp-json\/wp\/v2\/users\/1"}],"replies":[{"embeddable":true,"href":"https:\/\/tremezzina.visitlakecomo.info\/es\/wp-json\/wp\/v2\/comments?post=1564"}],"version-history":[{"count":1,"href":"https:\/\/tremezzina.visitlakecomo.info\/es\/wp-json\/wp\/v2\/pages\/1564\/revisions"}],"predecessor-version":[{"id":1565,"href":"https:\/\/tremezzina.visitlakecomo.info\/es\/wp-json\/wp\/v2\/pages\/1564\/revisions\/1565"}],"up":[{"embeddable":true,"href":"https:\/\/tremezzina.visitlakecomo.info\/es\/wp-json\/wp\/v2\/pages\/1526"}],"wp:attachment":[{"href":"https:\/\/tremezzina.visitlakecomo.info\/es\/wp-json\/wp\/v2\/media?parent=1564"}],"curies":[{"name":"wp","href":"https:\/\/api.w.org\/{rel}","templated":true}]}}