{"id":1768,"date":"2025-04-12T11:22:38","date_gmt":"2025-04-12T11:22:38","guid":{"rendered":"https:\/\/tremezzina.visitlakecomo.info\/territoire"},"modified":"2025-06-23T14:46:37","modified_gmt":"2025-06-23T14:46:37","slug":"territoire","status":"publish","type":"page","link":"https:\/\/tremezzina.visitlakecomo.info\/fr\/territoire","title":{"rendered":"Territoire"},"content":{"rendered":"<p>Nature, art, spiritualit\u00e9, plein air: d\u00e9couvrez <b>que voir \u00e0 Tremezzina<\/b> pendant votre s\u00e9jour.<\/p>","protected":false},"excerpt":{"rendered":"<p>Nature, art, spiritualit\u00e9, plein air: d\u00e9couvrez que voir \u00e0 Tremezzina pendant votre s\u00e9jour.<\/p>\n","protected":false},"author":1,"featured_media":0,"parent":0,"menu_order":0,"comment_status":"closed","ping_status":"closed","template":"page-templates\/pagina_box.php","meta":{"_acf_changed":false,"inline_featured_image":false,"footnotes":""},"class_list":["post-1768","page","type-page","status-publish","hentry"],"acf":[],"yoast_head":"<!-- This site is optimized with the Yoast SEO plugin v25.2 - https:\/\/yoast.com\/wordpress\/plugins\/seo\/ -->\n<title>Tremezzina: territoire et tr\u00e9sors - Visit Tremezzina<\/title>\n<meta name=\"description\" content=\"Nature, art, spiritualit\u00e9, plein air: explorez le territoire et d\u00e9couvrez que voir \u00e0 Tremezzina pendant votre s\u00e9jour.\" \/>\n<meta name=\"robots\" content=\"index, follow, max-snippet:-1, max-image-preview:large, max-video-preview:-1\" \/>\n<link rel=\"canonical\" href=\"https:\/\/tremezzina.visitlakecomo.info\/fr\/territoire\" \/>\n<meta property=\"og:locale\" content=\"fr_FR\" \/>\n<meta property=\"og:type\" content=\"article\" \/>\n<meta property=\"og:title\" content=\"Tremezzina: territoire et tr\u00e9sors - Visit Tremezzina\" \/>\n<meta property=\"og:description\" content=\"Nature, art, spiritualit\u00e9, plein air: explorez le territoire et d\u00e9couvrez que voir \u00e0 Tremezzina pendant votre s\u00e9jour.\" \/>\n<meta property=\"og:url\" content=\"https:\/\/tremezzina.visitlakecomo.info\/fr\/territoire\" \/>\n<meta property=\"og:site_name\" content=\"Visit Tremezzina\" \/>\n<meta property=\"article:modified_time\" content=\"2025-06-23T14:46:37+00:00\" \/>\n<meta name=\"twitter:card\" content=\"summary_large_image\" \/>\n<script type=\"application\/ld+json\" class=\"yoast-schema-graph\">{\"@context\":\"https:\/\/schema.org\",\"@graph\":[{\"@type\":\"WebPage\",\"@id\":\"https:\/\/tremezzina.visitlakecomo.info\/fr\/territoire\",\"url\":\"https:\/\/tremezzina.visitlakecomo.info\/fr\/territoire\",\"name\":\"Tremezzina: territoire et tr\u00e9sors - Visit Tremezzina\",\"isPartOf\":{\"@id\":\"https:\/\/tremezzina.visitlakecomo.info\/#website\"},\"datePublished\":\"2025-04-12T11:22:38+00:00\",\"dateModified\":\"2025-06-23T14:46:37+00:00\",\"description\":\"Nature, art, spiritualit\u00e9, plein air: explorez le territoire et d\u00e9couvrez que voir \u00e0 Tremezzina pendant votre s\u00e9jour.\",\"breadcrumb\":{\"@id\":\"https:\/\/tremezzina.visitlakecomo.info\/fr\/territoire#breadcrumb\"},\"inLanguage\":\"fr-FR\",\"potentialAction\":[{\"@type\":\"ReadAction\",\"target\":[\"https:\/\/tremezzina.visitlakecomo.info\/fr\/territoire\"]}]},{\"@type\":\"BreadcrumbList\",\"@id\":\"https:\/\/tremezzina.visitlakecomo.info\/fr\/territoire#breadcrumb\",\"itemListElement\":[{\"@type\":\"ListItem\",\"position\":1,\"name\":\"Home\",\"item\":\"https:\/\/tremezzina.visitlakecomo.info\/fr\"},{\"@type\":\"ListItem\",\"position\":2,\"name\":\"Territoire\"}]},{\"@type\":\"WebSite\",\"@id\":\"https:\/\/tremezzina.visitlakecomo.info\/#website\",\"url\":\"https:\/\/tremezzina.visitlakecomo.info\/\",\"name\":\"Visit Tremezzina\",\"description\":\"\",\"potentialAction\":[{\"@type\":\"SearchAction\",\"target\":{\"@type\":\"EntryPoint\",\"urlTemplate\":\"https:\/\/tremezzina.visitlakecomo.info\/?s={search_term_string}\"},\"query-input\":{\"@type\":\"PropertyValueSpecification\",\"valueRequired\":true,\"valueName\":\"search_term_string\"}}],\"inLanguage\":\"fr-FR\"}]}<\/script>\n<!-- \/ Yoast SEO plugin. -->","yoast_head_json":{"title":"Tremezzina: territoire et tr\u00e9sors - Visit Tremezzina","description":"Nature, art, spiritualit\u00e9, plein air: explorez le territoire et d\u00e9couvrez que voir \u00e0 Tremezzina pendant votre s\u00e9jour.","robots":{"index":"index","follow":"follow","max-snippet":"max-snippet:-1","max-image-preview":"max-image-preview:large","max-video-preview":"max-video-preview:-1"},"canonical":"https:\/\/tremezzina.visitlakecomo.info\/fr\/territoire","og_locale":"fr_FR","og_type":"article","og_title":"Tremezzina: territoire et tr\u00e9sors - Visit Tremezzina","og_description":"Nature, art, spiritualit\u00e9, plein air: explorez le territoire et d\u00e9couvrez que voir \u00e0 Tremezzina pendant votre s\u00e9jour.","og_url":"https:\/\/tremezzina.visitlakecomo.info\/fr\/territoire","og_site_name":"Visit Tremezzina","article_modified_time":"2025-06-23T14:46:37+00:00","twitter_card":"summary_large_image","schema":{"@context":"https:\/\/schema.org","@graph":[{"@type":"WebPage","@id":"https:\/\/tremezzina.visitlakecomo.info\/fr\/territoire","url":"https:\/\/tremezzina.visitlakecomo.info\/fr\/territoire","name":"Tremezzina: territoire et tr\u00e9sors - Visit Tremezzina","isPartOf":{"@id":"https:\/\/tremezzina.visitlakecomo.info\/#website"},"datePublished":"2025-04-12T11:22:38+00:00","dateModified":"2025-06-23T14:46:37+00:00","description":"Nature, art, spiritualit\u00e9, plein air: explorez le territoire et d\u00e9couvrez que voir \u00e0 Tremezzina pendant votre s\u00e9jour.","breadcrumb":{"@id":"https:\/\/tremezzina.visitlakecomo.info\/fr\/territoire#breadcrumb"},"inLanguage":"fr-FR","potentialAction":[{"@type":"ReadAction","target":["https:\/\/tremezzina.visitlakecomo.info\/fr\/territoire"]}]},{"@type":"BreadcrumbList","@id":"https:\/\/tremezzina.visitlakecomo.info\/fr\/territoire#breadcrumb","itemListElement":[{"@type":"ListItem","position":1,"name":"Home","item":"https:\/\/tremezzina.visitlakecomo.info\/fr"},{"@type":"ListItem","position":2,"name":"Territoire"}]},{"@type":"WebSite","@id":"https:\/\/tremezzina.visitlakecomo.info\/#website","url":"https:\/\/tremezzina.visitlakecomo.info\/","name":"Visit Tremezzina","description":"","potentialAction":[{"@type":"SearchAction","target":{"@type":"EntryPoint","urlTemplate":"https:\/\/tremezzina.visitlakecomo.info\/?s={search_term_string}"},"query-input":{"@type":"PropertyValueSpecification","valueRequired":true,"valueName":"search_term_string"}}],"inLanguage":"fr-FR"}]}},"_links":{"self":[{"href":"https:\/\/tremezzina.visitlakecomo.info\/fr\/wp-json\/wp\/v2\/pages\/1768","targetHints":{"allow":["GET"]}}],"collection":[{"href":"https:\/\/tremezzina.visitlakecomo.info\/fr\/wp-json\/wp\/v2\/pages"}],"about":[{"href":"https:\/\/tremezzina.visitlakecomo.info\/fr\/wp-json\/wp\/v2\/types\/page"}],"author":[{"embeddable":true,"href":"https:\/\/tremezzina.visitlakecomo.info\/fr\/wp-json\/wp\/v2\/users\/1"}],"replies":[{"embeddable":true,"href":"https:\/\/tremezzina.visitlakecomo.info\/fr\/wp-json\/wp\/v2\/comments?post=1768"}],"version-history":[{"count":1,"href":"https:\/\/tremezzina.visitlakecomo.info\/fr\/wp-json\/wp\/v2\/pages\/1768\/revisions"}],"predecessor-version":[{"id":1769,"href":"https:\/\/tremezzina.visitlakecomo.info\/fr\/wp-json\/wp\/v2\/pages\/1768\/revisions\/1769"}],"wp:attachment":[{"href":"https:\/\/tremezzina.visitlakecomo.info\/fr\/wp-json\/wp\/v2\/media?parent=1768"}],"curies":[{"name":"wp","href":"https:\/\/api.w.org\/{rel}","templated":true}]}}