{"id":1770,"date":"2025-04-12T11:23:12","date_gmt":"2025-04-12T11:23:12","guid":{"rendered":"https:\/\/tremezzina.visitlakecomo.info\/politique-de-cookies"},"modified":"2025-06-30T12:23:13","modified_gmt":"2025-06-30T12:23:13","slug":"politique-de-cookies","status":"publish","type":"page","link":"https:\/\/tremezzina.visitlakecomo.info\/fr\/politique-de-cookies","title":{"rendered":"Politique de cookies"},"content":{"rendered":"<p><strong>INFORMATIONS ET R\u00c9VOCATION DES CONSENTEMENTS<\/strong><\/p><p><strong>RESPONSABLE DU TRAITEMENT :<\/strong><br>Associazione Turistica Tremezzina \u2013 Via Lomazzi, 23 \u2013 22016 Tremezzina (Como), C.F. 95127660132<\/p><p><strong>COORDONN\u00c9ES :<\/strong><br>Email : attremezzina@gmail.com<\/p><p><strong>QUE SONT LES COOKIES ET \u00c0 QUOI SERVENT-ILS ?<\/strong><br>Les cookies sont des cha\u00eenes de texte que le site internet de Visit Lake Como ou d\u2019autres sites internet ou services web diff\u00e9rents (que l\u2019on appelle de tierces parties) positionnent et stockent \u00e0 l\u2019int\u00e9rieur du dispositif \u00e0 travers le navigateur (ordinateur, smartphone ou tablette) au moyen duquel l\u2019utilisateur a acc\u00e8s au site en vue d\u2019identifier et de reconna\u00eetre le dispositif.<br>Les cookies sont utilis\u00e9s pour permettre d\u2019utiliser correctement les contenus du site visit\u00e9, mais ils peuvent \u00eatre \u00e9galement utilis\u00e9s, avec le consentement pr\u00e9alable de l\u2019utilisateur, pour tracer la navigation \u00e0 des fins statistiques ou m\u00eame publicitaires. Certains cookies sont annul\u00e9s au moment de la fermeture des pages (\u00ab cookies de session \u00bb) d\u2019autres, au contraire, restent m\u00e9moris\u00e9s avec des d\u00e9lais de conservation variables (\u00ab cookies persistants \u00bb) selon l\u2019\u00e9ch\u00e9ance pr\u00e9vue par les producteurs de ceux-ci.<\/p><p><strong>QUEL TYPE DE COOKIES CE SITE UTILISE-T-IL ET DANS QUEL BUT ?<\/strong><br>Notre site utilise diff\u00e9rents types de cookies, chacun desquels a une fonction sp\u00e9cifique, nous mentionnons les cat\u00e9gories comme il est indiqu\u00e9 sur le tableau sous-jacent<\/p><p><strong>COOKIES TECHNIQUES<\/strong> : (le consentement n\u2019est pas n\u00e9cessaire)<br>Ils servent \u00e0 permettre la navigation du site et, \u00e0 cet effet, ils m\u00e9morisent les pr\u00e9f\u00e9rences manifest\u00e9es par l\u2019utilisateur, par exemple, au sujet du graphisme et de la langue, le login et les consentements donn\u00e9s en mati\u00e8re de traitement des donn\u00e9es. Ils sont \u00e9galement n\u00e9cessaires pour la fourniture des services requis par l\u2019utilisateur.<br>Cette cat\u00e9gorie de cookies permet au responsable et aux tierces parties, de collecter les informations agr\u00e9g\u00e9es et anonymes sur l\u2019utilisation et sur l\u2019interaction avec le site (ex. le nombre d\u2019acc\u00e8s et le temps de pr\u00e9sence, les pages les plus visit\u00e9es, les dispositifs utilis\u00e9s pour l\u2019acc\u00e8s, la zone de provenance) et d\u2019\u00e9laborer des statistiques &#8211; m\u00eame sur les donn\u00e9es ayant trait \u00e0 d\u2019autres domaines, sites web ou applications mobiles, se rapportant quoi qu\u2019il en soit au responsable &#8211; destin\u00e9es \u00e0 am\u00e9liorer ses contenus.<\/p><p><strong>COOKIES ANALYTIQUES<\/strong> : (Ils s\u2019installent seulement avec le consentement)<br>Ils sont g\u00e9r\u00e9s par le responsable du site, plut\u00f4t que par des sujets tiers, comme, par exemple, Google Analytics, pour \u00e9laborer et rendre au responsable des analyses statistiques agr\u00e9g\u00e9es sur l\u2019utilisation et sur l\u2019interaction avec le site de la part de l\u2019utilisateur. Ces cookies sont capables d\u2019identifier l\u2019utilisateur.<\/p><p><strong>COOKIES DE PROFILAGE<\/strong> : (Ils s\u2019installent uniquement avec le consentement)<br>Ils sont utilis\u00e9s normalement par des soci\u00e9t\u00e9s tierces pour collecter des informations quant aux pr\u00e9f\u00e9rences manifest\u00e9es par l\u2019utilisateur dans le cadre de la navigation et pour \u00e9laborer des comptes-rendus destin\u00e9s \u00e0 \u00eatre utilis\u00e9s pour des campagnes publicitaires et de marketing cibl\u00e9es, dont le contenu sur la base des pr\u00e9f\u00e9rences peut \u00eatre propos\u00e9 m\u00eame sur d\u2019autres sites. L\u2019utilisation de ces cookies permet \u00e9galement d\u2019identifier l\u2019utilisateur \u00e0 travers des ID et des codes d\u00e9rivant de la configuration des dispositifs utilis\u00e9s et de ramener \u00e0 celui-ci des actions sp\u00e9cifiques ou des mod\u00e8les comportementaux r\u00e9currents.<\/p><p><strong>GESTION ET R\u00c9VOCATION DES CONSENTEMENTS AUX COOKIES<\/strong><br>Nous rappelons entre autres que l\u2019utilisateur peut r\u00e9voquer le consentement \u00e0 l\u2019utilisation des cookies donn\u00e9 \u2013 et exclusivement valable pour le site tremezzina.visitlakecomo.info ou de g\u00e9rer les pr\u00e9f\u00e9rences manifest\u00e9es \u00e0 tout moment.<br>Pour avoir plus d\u2019informations sur les donn\u00e9es personnelles trait\u00e9es \u00e0 travers le site, l\u2019utilisateur est pri\u00e9 de consulter le document \u00ab <a href=\"https:\/\/tremezzina.visitlakecomo.info\/fr\/politique-de-confidentialite\">privacy policy<\/a> \u00bb (politique en mati\u00e8re de confidentialit\u00e9 \u00bb en cliquant sur le lien s\u2019y rapportant.<\/p><div id=\"cookiebot_policy\">\r\n<script id=\"CookieDeclaration\" src=\"https:\/\/consent.cookiebot.com\/582165fd-385a-4a0b-bc49-d75396c1f3a9\/cd.js\" type=\"text\/javascript\" async><\/script>\r\n<\/div><h3 class=\"wp-block-heading\">Comment puis-je d\u00e9sactiver les cookies directement du navigateur de mani\u00e8re permanente ?<\/h3><p>L\u2019utilisateur peut configurer les pr\u00e9f\u00e9rences du navigateur utilis\u00e9 de mani\u00e8re \u00e0 d\u00e9sactiver de mani\u00e8re permanente (jusqu\u2019\u00e0 une configuration diff\u00e9rente) ci-apr\u00e8s les liens pour activer ces fonctions :<\/p><p>Internet Explorer : <a href=\"http:\/\/windows.microsoft.com\/it-it\/windows7\/block-enable-or-allow-cookies\" target=\"_blank\" rel=\"noreferrer noopener\">http:\/\/windows.microsoft.com\/it-it\/windows7\/block-enable-or-allow-cookies<\/a><\/p><p>Google Chrome : <a href=\"https:\/\/support.google.com\/chrome\/answer\/95647?hl=it-IT&amp;hlrm=fr&amp;hlrm=en\" target=\"_blank\" rel=\"noreferrer noopener\">https:\/\/support.google.com\/chrome\/answer\/95647?hl=it-IT&amp;hlrm=fr&amp;hlrm=en<\/a><\/p><p>Mozilla Firefox : <a href=\"http:\/\/support.mozilla.org\/it-IT\/kb\/enable-and-disable-cookies-website-preferences\" target=\"_blank\" rel=\"noreferrer noopener\">http:\/\/support.mozilla.org\/it-IT\/kb\/enable-and-disable-cookies-website-preferences<\/a><\/p><p>Apple Safari : <a href=\"https:\/\/support.apple.com\/guide\/safari\/manage-cookies-and-website-data-sfri11471\/mac\" target=\"_blank\" rel=\"noreferrer noopener\">https:\/\/support.apple.com\/guide\/safari\/manage-cookies-and-website-data-sfri11471\/mac<\/a><\/p><p>Pour plus d\u2019informations de nature g\u00e9n\u00e9rale sur les techniques de fonctionnement et de profilage des cookies, il est possible de visiter le site de EDAA (European Interactive Digital Advertising Alliance) \u00e0 l\u2019adresse suivante <a href=\"http:\/\/www.youronlinechoices.com\/it\/\" target=\"_blank\" rel=\"noreferrer noopener\">http:\/\/www.youronlinechoices.com\/it\/<\/a>.<\/p>","protected":false},"excerpt":{"rendered":"<p>INFORMATIONS ET R\u00c9VOCATION DES CONSENTEMENTS RESPONSABLE DU TRAITEMENT :Associazione Turistica Tremezzina \u2013 Via Lomazzi, 23 \u2013 22016 Tremezzina (Como), C.F. 95127660132 COORDONN\u00c9ES :Email : attremezzina@gmail.com QUE SONT LES COOKIES ET \u00c0 QUOI SERVENT-ILS ?Les cookies sont des cha\u00eenes de texte que le site internet de Visit Lake Como ou d\u2019autres sites internet ou services web &hellip;<\/p>\n","protected":false},"author":1,"featured_media":0,"parent":0,"menu_order":0,"comment_status":"closed","ping_status":"closed","template":"","meta":{"_acf_changed":false,"inline_featured_image":false,"footnotes":""},"class_list":["post-1770","page","type-page","status-publish","hentry"],"acf":[],"yoast_head":"<!-- This site is optimized with the Yoast SEO plugin v25.2 - https:\/\/yoast.com\/wordpress\/plugins\/seo\/ -->\n<title>Politique de cookies - Visit Tremezzina<\/title>\n<meta name=\"robots\" content=\"noindex, nofollow\" \/>\n<meta property=\"og:locale\" content=\"fr_FR\" \/>\n<meta property=\"og:type\" content=\"article\" \/>\n<meta property=\"og:title\" content=\"Politique de cookies - Visit Tremezzina\" \/>\n<meta property=\"og:description\" content=\"INFORMATIONS ET R\u00c9VOCATION DES CONSENTEMENTS RESPONSABLE DU TRAITEMENT :Associazione Turistica Tremezzina \u2013 Via Lomazzi, 23 \u2013 22016 Tremezzina (Como), C.F. 95127660132 COORDONN\u00c9ES :Email : attremezzina@gmail.com QUE SONT LES COOKIES ET \u00c0 QUOI SERVENT-ILS ?Les cookies sont des cha\u00eenes de texte que le site internet de Visit Lake Como ou d\u2019autres sites internet ou services web &hellip;\" \/>\n<meta property=\"og:url\" content=\"https:\/\/tremezzina.visitlakecomo.info\/fr\/politique-de-cookies\" \/>\n<meta property=\"og:site_name\" content=\"Visit Tremezzina\" \/>\n<meta property=\"article:modified_time\" content=\"2025-06-30T12:23:13+00:00\" \/>\n<meta name=\"twitter:card\" content=\"summary_large_image\" \/>\n<meta name=\"twitter:label1\" content=\"Dur\u00e9e de lecture estim\u00e9e\" \/>\n\t<meta name=\"twitter:data1\" content=\"4 minutes\" \/>\n<script type=\"application\/ld+json\" class=\"yoast-schema-graph\">{\"@context\":\"https:\/\/schema.org\",\"@graph\":[{\"@type\":\"WebPage\",\"@id\":\"https:\/\/tremezzina.visitlakecomo.info\/fr\/politique-de-cookies\",\"url\":\"https:\/\/tremezzina.visitlakecomo.info\/fr\/politique-de-cookies\",\"name\":\"Politique de cookies - Visit Tremezzina\",\"isPartOf\":{\"@id\":\"https:\/\/tremezzina.visitlakecomo.info\/#website\"},\"datePublished\":\"2025-04-12T11:23:12+00:00\",\"dateModified\":\"2025-06-30T12:23:13+00:00\",\"breadcrumb\":{\"@id\":\"https:\/\/tremezzina.visitlakecomo.info\/fr\/politique-de-cookies#breadcrumb\"},\"inLanguage\":\"fr-FR\",\"potentialAction\":[{\"@type\":\"ReadAction\",\"target\":[\"https:\/\/tremezzina.visitlakecomo.info\/fr\/politique-de-cookies\"]}]},{\"@type\":\"BreadcrumbList\",\"@id\":\"https:\/\/tremezzina.visitlakecomo.info\/fr\/politique-de-cookies#breadcrumb\",\"itemListElement\":[{\"@type\":\"ListItem\",\"position\":1,\"name\":\"Home\",\"item\":\"https:\/\/tremezzina.visitlakecomo.info\/fr\"},{\"@type\":\"ListItem\",\"position\":2,\"name\":\"Politique de cookies\"}]},{\"@type\":\"WebSite\",\"@id\":\"https:\/\/tremezzina.visitlakecomo.info\/#website\",\"url\":\"https:\/\/tremezzina.visitlakecomo.info\/\",\"name\":\"Visit Tremezzina\",\"description\":\"\",\"potentialAction\":[{\"@type\":\"SearchAction\",\"target\":{\"@type\":\"EntryPoint\",\"urlTemplate\":\"https:\/\/tremezzina.visitlakecomo.info\/?s={search_term_string}\"},\"query-input\":{\"@type\":\"PropertyValueSpecification\",\"valueRequired\":true,\"valueName\":\"search_term_string\"}}],\"inLanguage\":\"fr-FR\"}]}<\/script>\n<!-- \/ Yoast SEO plugin. -->","yoast_head_json":{"title":"Politique de cookies - Visit Tremezzina","robots":{"index":"noindex","follow":"nofollow"},"og_locale":"fr_FR","og_type":"article","og_title":"Politique de cookies - Visit Tremezzina","og_description":"INFORMATIONS ET R\u00c9VOCATION DES CONSENTEMENTS RESPONSABLE DU TRAITEMENT :Associazione Turistica Tremezzina \u2013 Via Lomazzi, 23 \u2013 22016 Tremezzina (Como), C.F. 95127660132 COORDONN\u00c9ES :Email : attremezzina@gmail.com QUE SONT LES COOKIES ET \u00c0 QUOI SERVENT-ILS ?Les cookies sont des cha\u00eenes de texte que le site internet de Visit Lake Como ou d\u2019autres sites internet ou services web &hellip;","og_url":"https:\/\/tremezzina.visitlakecomo.info\/fr\/politique-de-cookies","og_site_name":"Visit Tremezzina","article_modified_time":"2025-06-30T12:23:13+00:00","twitter_card":"summary_large_image","twitter_misc":{"Dur\u00e9e de lecture estim\u00e9e":"4 minutes"},"schema":{"@context":"https:\/\/schema.org","@graph":[{"@type":"WebPage","@id":"https:\/\/tremezzina.visitlakecomo.info\/fr\/politique-de-cookies","url":"https:\/\/tremezzina.visitlakecomo.info\/fr\/politique-de-cookies","name":"Politique de cookies - Visit Tremezzina","isPartOf":{"@id":"https:\/\/tremezzina.visitlakecomo.info\/#website"},"datePublished":"2025-04-12T11:23:12+00:00","dateModified":"2025-06-30T12:23:13+00:00","breadcrumb":{"@id":"https:\/\/tremezzina.visitlakecomo.info\/fr\/politique-de-cookies#breadcrumb"},"inLanguage":"fr-FR","potentialAction":[{"@type":"ReadAction","target":["https:\/\/tremezzina.visitlakecomo.info\/fr\/politique-de-cookies"]}]},{"@type":"BreadcrumbList","@id":"https:\/\/tremezzina.visitlakecomo.info\/fr\/politique-de-cookies#breadcrumb","itemListElement":[{"@type":"ListItem","position":1,"name":"Home","item":"https:\/\/tremezzina.visitlakecomo.info\/fr"},{"@type":"ListItem","position":2,"name":"Politique de cookies"}]},{"@type":"WebSite","@id":"https:\/\/tremezzina.visitlakecomo.info\/#website","url":"https:\/\/tremezzina.visitlakecomo.info\/","name":"Visit Tremezzina","description":"","potentialAction":[{"@type":"SearchAction","target":{"@type":"EntryPoint","urlTemplate":"https:\/\/tremezzina.visitlakecomo.info\/?s={search_term_string}"},"query-input":{"@type":"PropertyValueSpecification","valueRequired":true,"valueName":"search_term_string"}}],"inLanguage":"fr-FR"}]}},"_links":{"self":[{"href":"https:\/\/tremezzina.visitlakecomo.info\/fr\/wp-json\/wp\/v2\/pages\/1770","targetHints":{"allow":["GET"]}}],"collection":[{"href":"https:\/\/tremezzina.visitlakecomo.info\/fr\/wp-json\/wp\/v2\/pages"}],"about":[{"href":"https:\/\/tremezzina.visitlakecomo.info\/fr\/wp-json\/wp\/v2\/types\/page"}],"author":[{"embeddable":true,"href":"https:\/\/tremezzina.visitlakecomo.info\/fr\/wp-json\/wp\/v2\/users\/1"}],"replies":[{"embeddable":true,"href":"https:\/\/tremezzina.visitlakecomo.info\/fr\/wp-json\/wp\/v2\/comments?post=1770"}],"version-history":[{"count":4,"href":"https:\/\/tremezzina.visitlakecomo.info\/fr\/wp-json\/wp\/v2\/pages\/1770\/revisions"}],"predecessor-version":[{"id":1868,"href":"https:\/\/tremezzina.visitlakecomo.info\/fr\/wp-json\/wp\/v2\/pages\/1770\/revisions\/1868"}],"wp:attachment":[{"href":"https:\/\/tremezzina.visitlakecomo.info\/fr\/wp-json\/wp\/v2\/media?parent=1770"}],"curies":[{"name":"wp","href":"https:\/\/api.w.org\/{rel}","templated":true}]}}