{"id":1780,"date":"2025-04-12T11:31:22","date_gmt":"2025-04-12T11:31:22","guid":{"rendered":"https:\/\/tremezzina.visitlakecomo.info\/entreprises\/transports"},"modified":"2025-06-23T14:46:37","modified_gmt":"2025-06-23T14:46:37","slug":"transports","status":"publish","type":"page","link":"https:\/\/tremezzina.visitlakecomo.info\/fr\/entreprises\/transports","title":{"rendered":"Transports"},"content":{"rendered":"<p>D\u00e9couvrez comment rejoindre <b>Tremezzina<\/b> et vous d\u00e9placer sur le territoire: <b>transports<\/b> <b>touristiques<\/b>, <b>location<\/b> de voiture avec chauffeur, <b>transferts<\/b>.<\/p>","protected":false},"excerpt":{"rendered":"<p>D\u00e9couvrez comment rejoindre Tremezzina et vous d\u00e9placer sur le territoire: transports touristiques, location de voiture avec chauffeur, transferts.<\/p>\n","protected":false},"author":1,"featured_media":0,"parent":1772,"menu_order":0,"comment_status":"closed","ping_status":"closed","template":"page-templates\/categoria_imprese.php","meta":{"_acf_changed":false,"inline_featured_image":false,"footnotes":""},"class_list":["post-1780","page","type-page","status-publish","hentry"],"acf":[],"yoast_head":"<!-- This site is optimized with the Yoast SEO plugin v25.2 - https:\/\/yoast.com\/wordpress\/plugins\/seo\/ -->\n<title>Transports \u00e0 Tremezzina - Visit Tremezzina<\/title>\n<meta name=\"description\" content=\"D\u00e9couvrez comment rejoindre Tremezzina et vous d\u00e9placer sur le territoire: transports touristiques, location de voiture avec chauffeur, transferts.\" \/>\n<meta name=\"robots\" content=\"index, follow, max-snippet:-1, max-image-preview:large, max-video-preview:-1\" \/>\n<link rel=\"canonical\" href=\"https:\/\/tremezzina.visitlakecomo.info\/fr\/entreprises\/transports\" \/>\n<meta property=\"og:locale\" content=\"fr_FR\" \/>\n<meta property=\"og:type\" content=\"article\" \/>\n<meta property=\"og:title\" content=\"Transports \u00e0 Tremezzina - Visit Tremezzina\" \/>\n<meta property=\"og:description\" content=\"D\u00e9couvrez comment rejoindre Tremezzina et vous d\u00e9placer sur le territoire: transports touristiques, location de voiture avec chauffeur, transferts.\" \/>\n<meta property=\"og:url\" content=\"https:\/\/tremezzina.visitlakecomo.info\/fr\/entreprises\/transports\" \/>\n<meta property=\"og:site_name\" content=\"Visit Tremezzina\" \/>\n<meta property=\"article:modified_time\" content=\"2025-06-23T14:46:37+00:00\" \/>\n<meta name=\"twitter:card\" content=\"summary_large_image\" \/>\n<script type=\"application\/ld+json\" class=\"yoast-schema-graph\">{\"@context\":\"https:\/\/schema.org\",\"@graph\":[{\"@type\":\"WebPage\",\"@id\":\"https:\/\/tremezzina.visitlakecomo.info\/fr\/entreprises\/transports\",\"url\":\"https:\/\/tremezzina.visitlakecomo.info\/fr\/entreprises\/transports\",\"name\":\"Transports \u00e0 Tremezzina - Visit Tremezzina\",\"isPartOf\":{\"@id\":\"https:\/\/tremezzina.visitlakecomo.info\/#website\"},\"datePublished\":\"2025-04-12T11:31:22+00:00\",\"dateModified\":\"2025-06-23T14:46:37+00:00\",\"description\":\"D\u00e9couvrez comment rejoindre Tremezzina et vous d\u00e9placer sur le territoire: transports touristiques, location de voiture avec chauffeur, transferts.\",\"breadcrumb\":{\"@id\":\"https:\/\/tremezzina.visitlakecomo.info\/fr\/entreprises\/transports#breadcrumb\"},\"inLanguage\":\"fr-FR\",\"potentialAction\":[{\"@type\":\"ReadAction\",\"target\":[\"https:\/\/tremezzina.visitlakecomo.info\/fr\/entreprises\/transports\"]}]},{\"@type\":\"BreadcrumbList\",\"@id\":\"https:\/\/tremezzina.visitlakecomo.info\/fr\/entreprises\/transports#breadcrumb\",\"itemListElement\":[{\"@type\":\"ListItem\",\"position\":1,\"name\":\"Home\",\"item\":\"https:\/\/tremezzina.visitlakecomo.info\/fr\"},{\"@type\":\"ListItem\",\"position\":2,\"name\":\"Entreprises\",\"item\":\"https:\/\/tremezzina.visitlakecomo.info\/fr\/entreprises\"},{\"@type\":\"ListItem\",\"position\":3,\"name\":\"Transports\"}]},{\"@type\":\"WebSite\",\"@id\":\"https:\/\/tremezzina.visitlakecomo.info\/#website\",\"url\":\"https:\/\/tremezzina.visitlakecomo.info\/\",\"name\":\"Visit Tremezzina\",\"description\":\"\",\"potentialAction\":[{\"@type\":\"SearchAction\",\"target\":{\"@type\":\"EntryPoint\",\"urlTemplate\":\"https:\/\/tremezzina.visitlakecomo.info\/?s={search_term_string}\"},\"query-input\":{\"@type\":\"PropertyValueSpecification\",\"valueRequired\":true,\"valueName\":\"search_term_string\"}}],\"inLanguage\":\"fr-FR\"}]}<\/script>\n<!-- \/ Yoast SEO plugin. -->","yoast_head_json":{"title":"Transports \u00e0 Tremezzina - Visit Tremezzina","description":"D\u00e9couvrez comment rejoindre Tremezzina et vous d\u00e9placer sur le territoire: transports touristiques, location de voiture avec chauffeur, transferts.","robots":{"index":"index","follow":"follow","max-snippet":"max-snippet:-1","max-image-preview":"max-image-preview:large","max-video-preview":"max-video-preview:-1"},"canonical":"https:\/\/tremezzina.visitlakecomo.info\/fr\/entreprises\/transports","og_locale":"fr_FR","og_type":"article","og_title":"Transports \u00e0 Tremezzina - Visit Tremezzina","og_description":"D\u00e9couvrez comment rejoindre Tremezzina et vous d\u00e9placer sur le territoire: transports touristiques, location de voiture avec chauffeur, transferts.","og_url":"https:\/\/tremezzina.visitlakecomo.info\/fr\/entreprises\/transports","og_site_name":"Visit Tremezzina","article_modified_time":"2025-06-23T14:46:37+00:00","twitter_card":"summary_large_image","schema":{"@context":"https:\/\/schema.org","@graph":[{"@type":"WebPage","@id":"https:\/\/tremezzina.visitlakecomo.info\/fr\/entreprises\/transports","url":"https:\/\/tremezzina.visitlakecomo.info\/fr\/entreprises\/transports","name":"Transports \u00e0 Tremezzina - Visit Tremezzina","isPartOf":{"@id":"https:\/\/tremezzina.visitlakecomo.info\/#website"},"datePublished":"2025-04-12T11:31:22+00:00","dateModified":"2025-06-23T14:46:37+00:00","description":"D\u00e9couvrez comment rejoindre Tremezzina et vous d\u00e9placer sur le territoire: transports touristiques, location de voiture avec chauffeur, transferts.","breadcrumb":{"@id":"https:\/\/tremezzina.visitlakecomo.info\/fr\/entreprises\/transports#breadcrumb"},"inLanguage":"fr-FR","potentialAction":[{"@type":"ReadAction","target":["https:\/\/tremezzina.visitlakecomo.info\/fr\/entreprises\/transports"]}]},{"@type":"BreadcrumbList","@id":"https:\/\/tremezzina.visitlakecomo.info\/fr\/entreprises\/transports#breadcrumb","itemListElement":[{"@type":"ListItem","position":1,"name":"Home","item":"https:\/\/tremezzina.visitlakecomo.info\/fr"},{"@type":"ListItem","position":2,"name":"Entreprises","item":"https:\/\/tremezzina.visitlakecomo.info\/fr\/entreprises"},{"@type":"ListItem","position":3,"name":"Transports"}]},{"@type":"WebSite","@id":"https:\/\/tremezzina.visitlakecomo.info\/#website","url":"https:\/\/tremezzina.visitlakecomo.info\/","name":"Visit Tremezzina","description":"","potentialAction":[{"@type":"SearchAction","target":{"@type":"EntryPoint","urlTemplate":"https:\/\/tremezzina.visitlakecomo.info\/?s={search_term_string}"},"query-input":{"@type":"PropertyValueSpecification","valueRequired":true,"valueName":"search_term_string"}}],"inLanguage":"fr-FR"}]}},"_links":{"self":[{"href":"https:\/\/tremezzina.visitlakecomo.info\/fr\/wp-json\/wp\/v2\/pages\/1780","targetHints":{"allow":["GET"]}}],"collection":[{"href":"https:\/\/tremezzina.visitlakecomo.info\/fr\/wp-json\/wp\/v2\/pages"}],"about":[{"href":"https:\/\/tremezzina.visitlakecomo.info\/fr\/wp-json\/wp\/v2\/types\/page"}],"author":[{"embeddable":true,"href":"https:\/\/tremezzina.visitlakecomo.info\/fr\/wp-json\/wp\/v2\/users\/1"}],"replies":[{"embeddable":true,"href":"https:\/\/tremezzina.visitlakecomo.info\/fr\/wp-json\/wp\/v2\/comments?post=1780"}],"version-history":[{"count":1,"href":"https:\/\/tremezzina.visitlakecomo.info\/fr\/wp-json\/wp\/v2\/pages\/1780\/revisions"}],"predecessor-version":[{"id":1781,"href":"https:\/\/tremezzina.visitlakecomo.info\/fr\/wp-json\/wp\/v2\/pages\/1780\/revisions\/1781"}],"up":[{"embeddable":true,"href":"https:\/\/tremezzina.visitlakecomo.info\/fr\/wp-json\/wp\/v2\/pages\/1772"}],"wp:attachment":[{"href":"https:\/\/tremezzina.visitlakecomo.info\/fr\/wp-json\/wp\/v2\/media?parent=1780"}],"curies":[{"name":"wp","href":"https:\/\/api.w.org\/{rel}","templated":true}]}}