{"id":1798,"date":"2025-04-12T12:13:41","date_gmt":"2025-04-12T12:13:41","guid":{"rendered":"https:\/\/tremezzina.visitlakecomo.info\/evenements"},"modified":"2025-06-23T14:46:38","modified_gmt":"2025-06-23T14:46:38","slug":"evenements","status":"publish","type":"page","link":"https:\/\/tremezzina.visitlakecomo.info\/fr\/evenements","title":{"rendered":"\u00c9v\u00e9nements"},"content":{"rendered":"<p>Tous les <b>\u00e9v\u00e9nements \u00e0 Tremezzina<\/b>: f\u00eates des produits typiques, concerts, visites guid\u00e9es, ateliers, expositions.<\/p>","protected":false},"excerpt":{"rendered":"<p>Tous les \u00e9v\u00e9nements \u00e0 Tremezzina: f\u00eates des produits typiques, concerts, visites guid\u00e9es, ateliers, expositions.<\/p>\n","protected":false},"author":1,"featured_media":0,"parent":0,"menu_order":0,"comment_status":"closed","ping_status":"closed","template":"page-templates\/lista_eventi.php","meta":{"_acf_changed":false,"inline_featured_image":false,"footnotes":""},"class_list":["post-1798","page","type-page","status-publish","hentry"],"acf":[],"yoast_head":"<!-- This site is optimized with the Yoast SEO plugin v25.2 - https:\/\/yoast.com\/wordpress\/plugins\/seo\/ -->\n<title>\u00c9v\u00e9nements \u00e0 Tremezzina - Visit Tremezzina<\/title>\n<meta name=\"description\" content=\"Tous les \u00e9v\u00e9nements \u00e0 Tremezzina: f\u00eates de produits typiques, concerts, visites guid\u00e9es, ateliers, expositions.\" \/>\n<meta name=\"robots\" content=\"index, follow, max-snippet:-1, max-image-preview:large, max-video-preview:-1\" \/>\n<link rel=\"canonical\" href=\"https:\/\/tremezzina.visitlakecomo.info\/fr\/evenements\" \/>\n<meta property=\"og:locale\" content=\"fr_FR\" \/>\n<meta property=\"og:type\" content=\"article\" \/>\n<meta property=\"og:title\" content=\"\u00c9v\u00e9nements \u00e0 Tremezzina - Visit Tremezzina\" \/>\n<meta property=\"og:description\" content=\"Tous les \u00e9v\u00e9nements \u00e0 Tremezzina: f\u00eates de produits typiques, concerts, visites guid\u00e9es, ateliers, expositions.\" \/>\n<meta property=\"og:url\" content=\"https:\/\/tremezzina.visitlakecomo.info\/fr\/evenements\" \/>\n<meta property=\"og:site_name\" content=\"Visit Tremezzina\" \/>\n<meta property=\"article:modified_time\" content=\"2025-06-23T14:46:38+00:00\" \/>\n<meta name=\"twitter:card\" content=\"summary_large_image\" \/>\n<script type=\"application\/ld+json\" class=\"yoast-schema-graph\">{\"@context\":\"https:\/\/schema.org\",\"@graph\":[{\"@type\":\"WebPage\",\"@id\":\"https:\/\/tremezzina.visitlakecomo.info\/fr\/evenements\",\"url\":\"https:\/\/tremezzina.visitlakecomo.info\/fr\/evenements\",\"name\":\"\u00c9v\u00e9nements \u00e0 Tremezzina - Visit Tremezzina\",\"isPartOf\":{\"@id\":\"https:\/\/tremezzina.visitlakecomo.info\/#website\"},\"datePublished\":\"2025-04-12T12:13:41+00:00\",\"dateModified\":\"2025-06-23T14:46:38+00:00\",\"description\":\"Tous les \u00e9v\u00e9nements \u00e0 Tremezzina: f\u00eates de produits typiques, concerts, visites guid\u00e9es, ateliers, expositions.\",\"breadcrumb\":{\"@id\":\"https:\/\/tremezzina.visitlakecomo.info\/fr\/evenements#breadcrumb\"},\"inLanguage\":\"fr-FR\",\"potentialAction\":[{\"@type\":\"ReadAction\",\"target\":[\"https:\/\/tremezzina.visitlakecomo.info\/fr\/evenements\"]}]},{\"@type\":\"BreadcrumbList\",\"@id\":\"https:\/\/tremezzina.visitlakecomo.info\/fr\/evenements#breadcrumb\",\"itemListElement\":[{\"@type\":\"ListItem\",\"position\":1,\"name\":\"Home\",\"item\":\"https:\/\/tremezzina.visitlakecomo.info\/fr\"},{\"@type\":\"ListItem\",\"position\":2,\"name\":\"\u00c9v\u00e9nements\"}]},{\"@type\":\"WebSite\",\"@id\":\"https:\/\/tremezzina.visitlakecomo.info\/#website\",\"url\":\"https:\/\/tremezzina.visitlakecomo.info\/\",\"name\":\"Visit Tremezzina\",\"description\":\"\",\"potentialAction\":[{\"@type\":\"SearchAction\",\"target\":{\"@type\":\"EntryPoint\",\"urlTemplate\":\"https:\/\/tremezzina.visitlakecomo.info\/?s={search_term_string}\"},\"query-input\":{\"@type\":\"PropertyValueSpecification\",\"valueRequired\":true,\"valueName\":\"search_term_string\"}}],\"inLanguage\":\"fr-FR\"}]}<\/script>\n<!-- \/ Yoast SEO plugin. -->","yoast_head_json":{"title":"\u00c9v\u00e9nements \u00e0 Tremezzina - Visit Tremezzina","description":"Tous les \u00e9v\u00e9nements \u00e0 Tremezzina: f\u00eates de produits typiques, concerts, visites guid\u00e9es, ateliers, expositions.","robots":{"index":"index","follow":"follow","max-snippet":"max-snippet:-1","max-image-preview":"max-image-preview:large","max-video-preview":"max-video-preview:-1"},"canonical":"https:\/\/tremezzina.visitlakecomo.info\/fr\/evenements","og_locale":"fr_FR","og_type":"article","og_title":"\u00c9v\u00e9nements \u00e0 Tremezzina - Visit Tremezzina","og_description":"Tous les \u00e9v\u00e9nements \u00e0 Tremezzina: f\u00eates de produits typiques, concerts, visites guid\u00e9es, ateliers, expositions.","og_url":"https:\/\/tremezzina.visitlakecomo.info\/fr\/evenements","og_site_name":"Visit Tremezzina","article_modified_time":"2025-06-23T14:46:38+00:00","twitter_card":"summary_large_image","schema":{"@context":"https:\/\/schema.org","@graph":[{"@type":"WebPage","@id":"https:\/\/tremezzina.visitlakecomo.info\/fr\/evenements","url":"https:\/\/tremezzina.visitlakecomo.info\/fr\/evenements","name":"\u00c9v\u00e9nements \u00e0 Tremezzina - Visit Tremezzina","isPartOf":{"@id":"https:\/\/tremezzina.visitlakecomo.info\/#website"},"datePublished":"2025-04-12T12:13:41+00:00","dateModified":"2025-06-23T14:46:38+00:00","description":"Tous les \u00e9v\u00e9nements \u00e0 Tremezzina: f\u00eates de produits typiques, concerts, visites guid\u00e9es, ateliers, expositions.","breadcrumb":{"@id":"https:\/\/tremezzina.visitlakecomo.info\/fr\/evenements#breadcrumb"},"inLanguage":"fr-FR","potentialAction":[{"@type":"ReadAction","target":["https:\/\/tremezzina.visitlakecomo.info\/fr\/evenements"]}]},{"@type":"BreadcrumbList","@id":"https:\/\/tremezzina.visitlakecomo.info\/fr\/evenements#breadcrumb","itemListElement":[{"@type":"ListItem","position":1,"name":"Home","item":"https:\/\/tremezzina.visitlakecomo.info\/fr"},{"@type":"ListItem","position":2,"name":"\u00c9v\u00e9nements"}]},{"@type":"WebSite","@id":"https:\/\/tremezzina.visitlakecomo.info\/#website","url":"https:\/\/tremezzina.visitlakecomo.info\/","name":"Visit Tremezzina","description":"","potentialAction":[{"@type":"SearchAction","target":{"@type":"EntryPoint","urlTemplate":"https:\/\/tremezzina.visitlakecomo.info\/?s={search_term_string}"},"query-input":{"@type":"PropertyValueSpecification","valueRequired":true,"valueName":"search_term_string"}}],"inLanguage":"fr-FR"}]}},"_links":{"self":[{"href":"https:\/\/tremezzina.visitlakecomo.info\/fr\/wp-json\/wp\/v2\/pages\/1798","targetHints":{"allow":["GET"]}}],"collection":[{"href":"https:\/\/tremezzina.visitlakecomo.info\/fr\/wp-json\/wp\/v2\/pages"}],"about":[{"href":"https:\/\/tremezzina.visitlakecomo.info\/fr\/wp-json\/wp\/v2\/types\/page"}],"author":[{"embeddable":true,"href":"https:\/\/tremezzina.visitlakecomo.info\/fr\/wp-json\/wp\/v2\/users\/1"}],"replies":[{"embeddable":true,"href":"https:\/\/tremezzina.visitlakecomo.info\/fr\/wp-json\/wp\/v2\/comments?post=1798"}],"version-history":[{"count":1,"href":"https:\/\/tremezzina.visitlakecomo.info\/fr\/wp-json\/wp\/v2\/pages\/1798\/revisions"}],"predecessor-version":[{"id":1799,"href":"https:\/\/tremezzina.visitlakecomo.info\/fr\/wp-json\/wp\/v2\/pages\/1798\/revisions\/1799"}],"wp:attachment":[{"href":"https:\/\/tremezzina.visitlakecomo.info\/fr\/wp-json\/wp\/v2\/media?parent=1798"}],"curies":[{"name":"wp","href":"https:\/\/api.w.org\/{rel}","templated":true}]}}