{"id":1804,"date":"2025-05-14T14:46:34","date_gmt":"2025-05-14T14:46:34","guid":{"rendered":"https:\/\/tremezzina.visitlakecomo.info\/territoire\/villa-carlotta"},"modified":"2025-06-23T14:46:38","modified_gmt":"2025-06-23T14:46:38","slug":"villa-carlotta","status":"publish","type":"page","link":"https:\/\/tremezzina.visitlakecomo.info\/fr\/territoire\/villa-carlotta","title":{"rendered":"Villa Carlotta"},"content":{"rendered":"<p>Surplombant le <b>Lac de C\u00f4me, la Villa Carlotta<\/b> est l\u2019une des <b>demeures historiques<\/b> les plus fascinantes d\u2019Italie, nich\u00e9e dans un paysage enchanteur. Construite \u00e0 la fin du XVII\u1d49 si\u00e8cle, la villa doit son nom \u00e0 la <b>princesse Charlotte de Prusse<\/b>, \u00e0 qui elle fut offerte en cadeau de mariage par sa m\u00e8re. Aujourd\u2019hui, <b>la Villa Carlotta est ouverte<\/b> au public en tant que mus\u00e9e et jardin botanique, avec une riche programmation d\u2019expositions d\u2019art, d\u2019ateliers familiaux et de parcours \u00e9ducatifs.<\/p>","protected":false},"excerpt":{"rendered":"<p>Surplombant le Lac de C\u00f4me, la Villa Carlotta est l\u2019une des demeures historiques les plus fascinantes d\u2019Italie, nich\u00e9e dans un paysage enchanteur. Construite \u00e0 la fin du XVII\u1d49 si\u00e8cle, la villa doit son nom \u00e0 la princesse Charlotte de Prusse, \u00e0 qui elle fut offerte en cadeau de mariage par sa m\u00e8re. Aujourd\u2019hui, la Villa &hellip;<\/p>\n","protected":false},"author":1,"featured_media":0,"parent":1768,"menu_order":0,"comment_status":"closed","ping_status":"closed","template":"page-templates\/pagina_box.php","meta":{"_acf_changed":false,"inline_featured_image":false,"footnotes":""},"class_list":["post-1804","page","type-page","status-publish","hentry"],"acf":[],"yoast_head":"<!-- This site is optimized with the Yoast SEO plugin v25.2 - https:\/\/yoast.com\/wordpress\/plugins\/seo\/ -->\n<title>Villa Carlotta \u00e0 Tremezzina: histoire et jardins<\/title>\n<meta name=\"description\" content=\"D\u00e9couvrez la Villa Carlotta \u00e0 Tremezzina, Lac de C\u00f4me: un joyau entre art, nature et superbes jardins botaniques.\" \/>\n<meta name=\"robots\" content=\"index, follow, max-snippet:-1, max-image-preview:large, max-video-preview:-1\" \/>\n<link rel=\"canonical\" href=\"https:\/\/tremezzina.visitlakecomo.info\/fr\/territoire\/villa-carlotta\" \/>\n<meta property=\"og:locale\" content=\"fr_FR\" \/>\n<meta property=\"og:type\" content=\"article\" \/>\n<meta property=\"og:title\" content=\"Villa Carlotta \u00e0 Tremezzina: histoire et jardins\" \/>\n<meta property=\"og:description\" content=\"D\u00e9couvrez la Villa Carlotta \u00e0 Tremezzina, Lac de C\u00f4me: un joyau entre art, nature et superbes jardins botaniques.\" \/>\n<meta property=\"og:url\" content=\"https:\/\/tremezzina.visitlakecomo.info\/fr\/territoire\/villa-carlotta\" \/>\n<meta property=\"og:site_name\" content=\"Visit Tremezzina\" \/>\n<meta property=\"article:modified_time\" content=\"2025-06-23T14:46:38+00:00\" \/>\n<meta name=\"twitter:card\" content=\"summary_large_image\" \/>\n<script type=\"application\/ld+json\" class=\"yoast-schema-graph\">{\"@context\":\"https:\/\/schema.org\",\"@graph\":[{\"@type\":\"WebPage\",\"@id\":\"https:\/\/tremezzina.visitlakecomo.info\/fr\/territoire\/villa-carlotta\",\"url\":\"https:\/\/tremezzina.visitlakecomo.info\/fr\/territoire\/villa-carlotta\",\"name\":\"Villa Carlotta \u00e0 Tremezzina: histoire et jardins\",\"isPartOf\":{\"@id\":\"https:\/\/tremezzina.visitlakecomo.info\/#website\"},\"datePublished\":\"2025-05-14T14:46:34+00:00\",\"dateModified\":\"2025-06-23T14:46:38+00:00\",\"description\":\"D\u00e9couvrez la Villa Carlotta \u00e0 Tremezzina, Lac de C\u00f4me: un joyau entre art, nature et superbes jardins botaniques.\",\"breadcrumb\":{\"@id\":\"https:\/\/tremezzina.visitlakecomo.info\/fr\/territoire\/villa-carlotta#breadcrumb\"},\"inLanguage\":\"fr-FR\",\"potentialAction\":[{\"@type\":\"ReadAction\",\"target\":[\"https:\/\/tremezzina.visitlakecomo.info\/fr\/territoire\/villa-carlotta\"]}]},{\"@type\":\"BreadcrumbList\",\"@id\":\"https:\/\/tremezzina.visitlakecomo.info\/fr\/territoire\/villa-carlotta#breadcrumb\",\"itemListElement\":[{\"@type\":\"ListItem\",\"position\":1,\"name\":\"Home\",\"item\":\"https:\/\/tremezzina.visitlakecomo.info\/fr\"},{\"@type\":\"ListItem\",\"position\":2,\"name\":\"Territoire\",\"item\":\"https:\/\/tremezzina.visitlakecomo.info\/fr\/territoire\"},{\"@type\":\"ListItem\",\"position\":3,\"name\":\"Villa Carlotta\"}]},{\"@type\":\"WebSite\",\"@id\":\"https:\/\/tremezzina.visitlakecomo.info\/#website\",\"url\":\"https:\/\/tremezzina.visitlakecomo.info\/\",\"name\":\"Visit Tremezzina\",\"description\":\"\",\"potentialAction\":[{\"@type\":\"SearchAction\",\"target\":{\"@type\":\"EntryPoint\",\"urlTemplate\":\"https:\/\/tremezzina.visitlakecomo.info\/?s={search_term_string}\"},\"query-input\":{\"@type\":\"PropertyValueSpecification\",\"valueRequired\":true,\"valueName\":\"search_term_string\"}}],\"inLanguage\":\"fr-FR\"}]}<\/script>\n<!-- \/ Yoast SEO plugin. -->","yoast_head_json":{"title":"Villa Carlotta \u00e0 Tremezzina: histoire et jardins","description":"D\u00e9couvrez la Villa Carlotta \u00e0 Tremezzina, Lac de C\u00f4me: un joyau entre art, nature et superbes jardins botaniques.","robots":{"index":"index","follow":"follow","max-snippet":"max-snippet:-1","max-image-preview":"max-image-preview:large","max-video-preview":"max-video-preview:-1"},"canonical":"https:\/\/tremezzina.visitlakecomo.info\/fr\/territoire\/villa-carlotta","og_locale":"fr_FR","og_type":"article","og_title":"Villa Carlotta \u00e0 Tremezzina: histoire et jardins","og_description":"D\u00e9couvrez la Villa Carlotta \u00e0 Tremezzina, Lac de C\u00f4me: un joyau entre art, nature et superbes jardins botaniques.","og_url":"https:\/\/tremezzina.visitlakecomo.info\/fr\/territoire\/villa-carlotta","og_site_name":"Visit Tremezzina","article_modified_time":"2025-06-23T14:46:38+00:00","twitter_card":"summary_large_image","schema":{"@context":"https:\/\/schema.org","@graph":[{"@type":"WebPage","@id":"https:\/\/tremezzina.visitlakecomo.info\/fr\/territoire\/villa-carlotta","url":"https:\/\/tremezzina.visitlakecomo.info\/fr\/territoire\/villa-carlotta","name":"Villa Carlotta \u00e0 Tremezzina: histoire et jardins","isPartOf":{"@id":"https:\/\/tremezzina.visitlakecomo.info\/#website"},"datePublished":"2025-05-14T14:46:34+00:00","dateModified":"2025-06-23T14:46:38+00:00","description":"D\u00e9couvrez la Villa Carlotta \u00e0 Tremezzina, Lac de C\u00f4me: un joyau entre art, nature et superbes jardins botaniques.","breadcrumb":{"@id":"https:\/\/tremezzina.visitlakecomo.info\/fr\/territoire\/villa-carlotta#breadcrumb"},"inLanguage":"fr-FR","potentialAction":[{"@type":"ReadAction","target":["https:\/\/tremezzina.visitlakecomo.info\/fr\/territoire\/villa-carlotta"]}]},{"@type":"BreadcrumbList","@id":"https:\/\/tremezzina.visitlakecomo.info\/fr\/territoire\/villa-carlotta#breadcrumb","itemListElement":[{"@type":"ListItem","position":1,"name":"Home","item":"https:\/\/tremezzina.visitlakecomo.info\/fr"},{"@type":"ListItem","position":2,"name":"Territoire","item":"https:\/\/tremezzina.visitlakecomo.info\/fr\/territoire"},{"@type":"ListItem","position":3,"name":"Villa Carlotta"}]},{"@type":"WebSite","@id":"https:\/\/tremezzina.visitlakecomo.info\/#website","url":"https:\/\/tremezzina.visitlakecomo.info\/","name":"Visit Tremezzina","description":"","potentialAction":[{"@type":"SearchAction","target":{"@type":"EntryPoint","urlTemplate":"https:\/\/tremezzina.visitlakecomo.info\/?s={search_term_string}"},"query-input":{"@type":"PropertyValueSpecification","valueRequired":true,"valueName":"search_term_string"}}],"inLanguage":"fr-FR"}]}},"_links":{"self":[{"href":"https:\/\/tremezzina.visitlakecomo.info\/fr\/wp-json\/wp\/v2\/pages\/1804","targetHints":{"allow":["GET"]}}],"collection":[{"href":"https:\/\/tremezzina.visitlakecomo.info\/fr\/wp-json\/wp\/v2\/pages"}],"about":[{"href":"https:\/\/tremezzina.visitlakecomo.info\/fr\/wp-json\/wp\/v2\/types\/page"}],"author":[{"embeddable":true,"href":"https:\/\/tremezzina.visitlakecomo.info\/fr\/wp-json\/wp\/v2\/users\/1"}],"replies":[{"embeddable":true,"href":"https:\/\/tremezzina.visitlakecomo.info\/fr\/wp-json\/wp\/v2\/comments?post=1804"}],"version-history":[{"count":1,"href":"https:\/\/tremezzina.visitlakecomo.info\/fr\/wp-json\/wp\/v2\/pages\/1804\/revisions"}],"predecessor-version":[{"id":1805,"href":"https:\/\/tremezzina.visitlakecomo.info\/fr\/wp-json\/wp\/v2\/pages\/1804\/revisions\/1805"}],"up":[{"embeddable":true,"href":"https:\/\/tremezzina.visitlakecomo.info\/fr\/wp-json\/wp\/v2\/pages\/1768"}],"wp:attachment":[{"href":"https:\/\/tremezzina.visitlakecomo.info\/fr\/wp-json\/wp\/v2\/media?parent=1804"}],"curies":[{"name":"wp","href":"https:\/\/api.w.org\/{rel}","templated":true}]}}