{"id":1806,"date":"2025-05-15T08:25:51","date_gmt":"2025-05-15T08:25:51","guid":{"rendered":"https:\/\/tremezzina.visitlakecomo.info\/territoire\/villa-del-balbianello"},"modified":"2025-06-23T14:46:38","modified_gmt":"2025-06-23T14:46:38","slug":"villa-del-balbianello","status":"publish","type":"page","link":"https:\/\/tremezzina.visitlakecomo.info\/fr\/territoire\/villa-del-balbianello","title":{"rendered":"Villa del Balbianello"},"content":{"rendered":"<p>Nich\u00e9e \u00e0 la pointe de la <b>presqu\u2019\u00eele de Lavedo <\/b>\u00e0 <b>Lenno<\/b>, hameau de <b>Tremezzina<\/b>, la Villa del Balbianello est l\u2019un des joyaux les plus pr\u00e9cieux du <b>Lac de C\u00f4me<\/b>. Construite en 1787 par le cardinal Angelo Maria Durini sur un ancien monast\u00e8re franciscain, la villa devint rapidement un <b>lieu de rencontre raffin\u00e9 pour les intellectuels et artistes <\/b>de l\u2019\u00e9poque.<\/p><p>La Villa del Balbianello est <b>accessible<\/b> uniquement <b>sur r\u00e9servation<\/b>.<\/p>","protected":false},"excerpt":{"rendered":"<p>Nich\u00e9e \u00e0 la pointe de la presqu\u2019\u00eele de Lavedo \u00e0 Lenno, hameau de Tremezzina, la Villa del Balbianello est l\u2019un des joyaux les plus pr\u00e9cieux du Lac de C\u00f4me. Construite en 1787 par le cardinal Angelo Maria Durini sur un ancien monast\u00e8re franciscain, la villa devint rapidement un lieu de rencontre raffin\u00e9 pour les intellectuels &hellip;<\/p>\n","protected":false},"author":1,"featured_media":0,"parent":1768,"menu_order":0,"comment_status":"closed","ping_status":"closed","template":"page-templates\/pagina_box.php","meta":{"_acf_changed":false,"inline_featured_image":false,"footnotes":""},"class_list":["post-1806","page","type-page","status-publish","hentry"],"acf":[],"yoast_head":"<!-- This site is optimized with the Yoast SEO plugin v25.2 - https:\/\/yoast.com\/wordpress\/plugins\/seo\/ -->\n<title>Villa del Balbianello \u00e0 Tremezzin : joyau du Lac de C\u00f4me<\/title>\n<meta name=\"description\" content=\"D\u00e9couvrez la Villa del Balbianello \u00e0 Tremezzina, son histoire et ses jardins panoramiques.\" \/>\n<meta name=\"robots\" content=\"index, follow, max-snippet:-1, max-image-preview:large, max-video-preview:-1\" \/>\n<link rel=\"canonical\" href=\"https:\/\/tremezzina.visitlakecomo.info\/fr\/territoire\/villa-del-balbianello\" \/>\n<meta property=\"og:locale\" content=\"fr_FR\" \/>\n<meta property=\"og:type\" content=\"article\" \/>\n<meta property=\"og:title\" content=\"Villa del Balbianello \u00e0 Tremezzin : joyau du Lac de C\u00f4me\" \/>\n<meta property=\"og:description\" content=\"D\u00e9couvrez la Villa del Balbianello \u00e0 Tremezzina, son histoire et ses jardins panoramiques.\" \/>\n<meta property=\"og:url\" content=\"https:\/\/tremezzina.visitlakecomo.info\/fr\/territoire\/villa-del-balbianello\" \/>\n<meta property=\"og:site_name\" content=\"Visit Tremezzina\" \/>\n<meta property=\"article:modified_time\" content=\"2025-06-23T14:46:38+00:00\" \/>\n<meta name=\"twitter:card\" content=\"summary_large_image\" \/>\n<script type=\"application\/ld+json\" class=\"yoast-schema-graph\">{\"@context\":\"https:\/\/schema.org\",\"@graph\":[{\"@type\":\"WebPage\",\"@id\":\"https:\/\/tremezzina.visitlakecomo.info\/fr\/territoire\/villa-del-balbianello\",\"url\":\"https:\/\/tremezzina.visitlakecomo.info\/fr\/territoire\/villa-del-balbianello\",\"name\":\"Villa del Balbianello \u00e0 Tremezzin : joyau du Lac de C\u00f4me\",\"isPartOf\":{\"@id\":\"https:\/\/tremezzina.visitlakecomo.info\/#website\"},\"datePublished\":\"2025-05-15T08:25:51+00:00\",\"dateModified\":\"2025-06-23T14:46:38+00:00\",\"description\":\"D\u00e9couvrez la Villa del Balbianello \u00e0 Tremezzina, son histoire et ses jardins panoramiques.\",\"breadcrumb\":{\"@id\":\"https:\/\/tremezzina.visitlakecomo.info\/fr\/territoire\/villa-del-balbianello#breadcrumb\"},\"inLanguage\":\"fr-FR\",\"potentialAction\":[{\"@type\":\"ReadAction\",\"target\":[\"https:\/\/tremezzina.visitlakecomo.info\/fr\/territoire\/villa-del-balbianello\"]}]},{\"@type\":\"BreadcrumbList\",\"@id\":\"https:\/\/tremezzina.visitlakecomo.info\/fr\/territoire\/villa-del-balbianello#breadcrumb\",\"itemListElement\":[{\"@type\":\"ListItem\",\"position\":1,\"name\":\"Home\",\"item\":\"https:\/\/tremezzina.visitlakecomo.info\/fr\"},{\"@type\":\"ListItem\",\"position\":2,\"name\":\"Territoire\",\"item\":\"https:\/\/tremezzina.visitlakecomo.info\/fr\/territoire\"},{\"@type\":\"ListItem\",\"position\":3,\"name\":\"Villa del Balbianello\"}]},{\"@type\":\"WebSite\",\"@id\":\"https:\/\/tremezzina.visitlakecomo.info\/#website\",\"url\":\"https:\/\/tremezzina.visitlakecomo.info\/\",\"name\":\"Visit Tremezzina\",\"description\":\"\",\"potentialAction\":[{\"@type\":\"SearchAction\",\"target\":{\"@type\":\"EntryPoint\",\"urlTemplate\":\"https:\/\/tremezzina.visitlakecomo.info\/?s={search_term_string}\"},\"query-input\":{\"@type\":\"PropertyValueSpecification\",\"valueRequired\":true,\"valueName\":\"search_term_string\"}}],\"inLanguage\":\"fr-FR\"}]}<\/script>\n<!-- \/ Yoast SEO plugin. -->","yoast_head_json":{"title":"Villa del Balbianello \u00e0 Tremezzin : joyau du Lac de C\u00f4me","description":"D\u00e9couvrez la Villa del Balbianello \u00e0 Tremezzina, son histoire et ses jardins panoramiques.","robots":{"index":"index","follow":"follow","max-snippet":"max-snippet:-1","max-image-preview":"max-image-preview:large","max-video-preview":"max-video-preview:-1"},"canonical":"https:\/\/tremezzina.visitlakecomo.info\/fr\/territoire\/villa-del-balbianello","og_locale":"fr_FR","og_type":"article","og_title":"Villa del Balbianello \u00e0 Tremezzin : joyau du Lac de C\u00f4me","og_description":"D\u00e9couvrez la Villa del Balbianello \u00e0 Tremezzina, son histoire et ses jardins panoramiques.","og_url":"https:\/\/tremezzina.visitlakecomo.info\/fr\/territoire\/villa-del-balbianello","og_site_name":"Visit Tremezzina","article_modified_time":"2025-06-23T14:46:38+00:00","twitter_card":"summary_large_image","schema":{"@context":"https:\/\/schema.org","@graph":[{"@type":"WebPage","@id":"https:\/\/tremezzina.visitlakecomo.info\/fr\/territoire\/villa-del-balbianello","url":"https:\/\/tremezzina.visitlakecomo.info\/fr\/territoire\/villa-del-balbianello","name":"Villa del Balbianello \u00e0 Tremezzin : joyau du Lac de C\u00f4me","isPartOf":{"@id":"https:\/\/tremezzina.visitlakecomo.info\/#website"},"datePublished":"2025-05-15T08:25:51+00:00","dateModified":"2025-06-23T14:46:38+00:00","description":"D\u00e9couvrez la Villa del Balbianello \u00e0 Tremezzina, son histoire et ses jardins panoramiques.","breadcrumb":{"@id":"https:\/\/tremezzina.visitlakecomo.info\/fr\/territoire\/villa-del-balbianello#breadcrumb"},"inLanguage":"fr-FR","potentialAction":[{"@type":"ReadAction","target":["https:\/\/tremezzina.visitlakecomo.info\/fr\/territoire\/villa-del-balbianello"]}]},{"@type":"BreadcrumbList","@id":"https:\/\/tremezzina.visitlakecomo.info\/fr\/territoire\/villa-del-balbianello#breadcrumb","itemListElement":[{"@type":"ListItem","position":1,"name":"Home","item":"https:\/\/tremezzina.visitlakecomo.info\/fr"},{"@type":"ListItem","position":2,"name":"Territoire","item":"https:\/\/tremezzina.visitlakecomo.info\/fr\/territoire"},{"@type":"ListItem","position":3,"name":"Villa del Balbianello"}]},{"@type":"WebSite","@id":"https:\/\/tremezzina.visitlakecomo.info\/#website","url":"https:\/\/tremezzina.visitlakecomo.info\/","name":"Visit Tremezzina","description":"","potentialAction":[{"@type":"SearchAction","target":{"@type":"EntryPoint","urlTemplate":"https:\/\/tremezzina.visitlakecomo.info\/?s={search_term_string}"},"query-input":{"@type":"PropertyValueSpecification","valueRequired":true,"valueName":"search_term_string"}}],"inLanguage":"fr-FR"}]}},"_links":{"self":[{"href":"https:\/\/tremezzina.visitlakecomo.info\/fr\/wp-json\/wp\/v2\/pages\/1806","targetHints":{"allow":["GET"]}}],"collection":[{"href":"https:\/\/tremezzina.visitlakecomo.info\/fr\/wp-json\/wp\/v2\/pages"}],"about":[{"href":"https:\/\/tremezzina.visitlakecomo.info\/fr\/wp-json\/wp\/v2\/types\/page"}],"author":[{"embeddable":true,"href":"https:\/\/tremezzina.visitlakecomo.info\/fr\/wp-json\/wp\/v2\/users\/1"}],"replies":[{"embeddable":true,"href":"https:\/\/tremezzina.visitlakecomo.info\/fr\/wp-json\/wp\/v2\/comments?post=1806"}],"version-history":[{"count":1,"href":"https:\/\/tremezzina.visitlakecomo.info\/fr\/wp-json\/wp\/v2\/pages\/1806\/revisions"}],"predecessor-version":[{"id":1807,"href":"https:\/\/tremezzina.visitlakecomo.info\/fr\/wp-json\/wp\/v2\/pages\/1806\/revisions\/1807"}],"up":[{"embeddable":true,"href":"https:\/\/tremezzina.visitlakecomo.info\/fr\/wp-json\/wp\/v2\/pages\/1768"}],"wp:attachment":[{"href":"https:\/\/tremezzina.visitlakecomo.info\/fr\/wp-json\/wp\/v2\/media?parent=1806"}],"curies":[{"name":"wp","href":"https:\/\/api.w.org\/{rel}","templated":true}]}}