{"id":1808,"date":"2025-05-15T08:36:46","date_gmt":"2025-05-15T08:36:46","guid":{"rendered":"https:\/\/tremezzina.visitlakecomo.info\/territoire\/ile-comacina"},"modified":"2025-06-23T14:46:38","modified_gmt":"2025-06-23T14:46:38","slug":"ile-comacina","status":"publish","type":"page","link":"https:\/\/tremezzina.visitlakecomo.info\/fr\/territoire\/ile-comacina","title":{"rendered":"\u00cele Comacina"},"content":{"rendered":"<p>L\u2019\u00eele Comacina <b>est la seule \u00eele du Lac de C\u00f4me<\/b>. Elle se trouve sur la commune de <b>Tremezzina<\/b>, face \u00e0 l\u2019anse de la rive ouest du bras de C\u00f4me, entre <b>Argegno<\/b> et la presqu\u2019\u00eele de <b>Lavedo<\/b>. L\u2019\u00eele Comacina est un microcosme unique, baign\u00e9 de paysages d\u2019une <b>beaut\u00e9 exceptionnelle<\/b> et riche en histoire.<\/p>","protected":false},"excerpt":{"rendered":"<p>L\u2019\u00eele Comacina est la seule \u00eele du Lac de C\u00f4me. Elle se trouve sur la commune de Tremezzina, face \u00e0 l\u2019anse de la rive ouest du bras de C\u00f4me, entre Argegno et la presqu\u2019\u00eele de Lavedo. L\u2019\u00eele Comacina est un microcosme unique, baign\u00e9 de paysages d\u2019une beaut\u00e9 exceptionnelle et riche en histoire.<\/p>\n","protected":false},"author":1,"featured_media":0,"parent":1768,"menu_order":0,"comment_status":"closed","ping_status":"closed","template":"page-templates\/pagina_box.php","meta":{"_acf_changed":false,"inline_featured_image":false,"footnotes":""},"class_list":["post-1808","page","type-page","status-publish","hentry"],"acf":[],"yoast_head":"<!-- This site is optimized with the Yoast SEO plugin v25.2 - https:\/\/yoast.com\/wordpress\/plugins\/seo\/ -->\n<title>\u00cele Comacina: histoire et nature sur le Lac de C\u00f4me<\/title>\n<meta name=\"description\" content=\"D\u00e9couvrez l\u2019\u00eele Comacina, la seule \u00eele du lac de C\u00f4me: un lieu charg\u00e9 d\u2019histoire, d\u2019art et de paysages naturels enchanteurs.\" \/>\n<meta name=\"robots\" content=\"index, follow, max-snippet:-1, max-image-preview:large, max-video-preview:-1\" \/>\n<link rel=\"canonical\" href=\"https:\/\/tremezzina.visitlakecomo.info\/fr\/territoire\/ile-comacina\" \/>\n<meta property=\"og:locale\" content=\"fr_FR\" \/>\n<meta property=\"og:type\" content=\"article\" \/>\n<meta property=\"og:title\" content=\"\u00cele Comacina: histoire et nature sur le Lac de C\u00f4me\" \/>\n<meta property=\"og:description\" content=\"D\u00e9couvrez l\u2019\u00eele Comacina, la seule \u00eele du lac de C\u00f4me: un lieu charg\u00e9 d\u2019histoire, d\u2019art et de paysages naturels enchanteurs.\" \/>\n<meta property=\"og:url\" content=\"https:\/\/tremezzina.visitlakecomo.info\/fr\/territoire\/ile-comacina\" \/>\n<meta property=\"og:site_name\" content=\"Visit Tremezzina\" \/>\n<meta property=\"article:modified_time\" content=\"2025-06-23T14:46:38+00:00\" \/>\n<meta name=\"twitter:card\" content=\"summary_large_image\" \/>\n<script type=\"application\/ld+json\" class=\"yoast-schema-graph\">{\"@context\":\"https:\/\/schema.org\",\"@graph\":[{\"@type\":\"WebPage\",\"@id\":\"https:\/\/tremezzina.visitlakecomo.info\/fr\/territoire\/ile-comacina\",\"url\":\"https:\/\/tremezzina.visitlakecomo.info\/fr\/territoire\/ile-comacina\",\"name\":\"\u00cele Comacina: histoire et nature sur le Lac de C\u00f4me\",\"isPartOf\":{\"@id\":\"https:\/\/tremezzina.visitlakecomo.info\/#website\"},\"datePublished\":\"2025-05-15T08:36:46+00:00\",\"dateModified\":\"2025-06-23T14:46:38+00:00\",\"description\":\"D\u00e9couvrez l\u2019\u00eele Comacina, la seule \u00eele du lac de C\u00f4me: un lieu charg\u00e9 d\u2019histoire, d\u2019art et de paysages naturels enchanteurs.\",\"breadcrumb\":{\"@id\":\"https:\/\/tremezzina.visitlakecomo.info\/fr\/territoire\/ile-comacina#breadcrumb\"},\"inLanguage\":\"fr-FR\",\"potentialAction\":[{\"@type\":\"ReadAction\",\"target\":[\"https:\/\/tremezzina.visitlakecomo.info\/fr\/territoire\/ile-comacina\"]}]},{\"@type\":\"BreadcrumbList\",\"@id\":\"https:\/\/tremezzina.visitlakecomo.info\/fr\/territoire\/ile-comacina#breadcrumb\",\"itemListElement\":[{\"@type\":\"ListItem\",\"position\":1,\"name\":\"Home\",\"item\":\"https:\/\/tremezzina.visitlakecomo.info\/fr\"},{\"@type\":\"ListItem\",\"position\":2,\"name\":\"Territoire\",\"item\":\"https:\/\/tremezzina.visitlakecomo.info\/fr\/territoire\"},{\"@type\":\"ListItem\",\"position\":3,\"name\":\"\u00cele Comacina\"}]},{\"@type\":\"WebSite\",\"@id\":\"https:\/\/tremezzina.visitlakecomo.info\/#website\",\"url\":\"https:\/\/tremezzina.visitlakecomo.info\/\",\"name\":\"Visit Tremezzina\",\"description\":\"\",\"potentialAction\":[{\"@type\":\"SearchAction\",\"target\":{\"@type\":\"EntryPoint\",\"urlTemplate\":\"https:\/\/tremezzina.visitlakecomo.info\/?s={search_term_string}\"},\"query-input\":{\"@type\":\"PropertyValueSpecification\",\"valueRequired\":true,\"valueName\":\"search_term_string\"}}],\"inLanguage\":\"fr-FR\"}]}<\/script>\n<!-- \/ Yoast SEO plugin. -->","yoast_head_json":{"title":"\u00cele Comacina: histoire et nature sur le Lac de C\u00f4me","description":"D\u00e9couvrez l\u2019\u00eele Comacina, la seule \u00eele du lac de C\u00f4me: un lieu charg\u00e9 d\u2019histoire, d\u2019art et de paysages naturels enchanteurs.","robots":{"index":"index","follow":"follow","max-snippet":"max-snippet:-1","max-image-preview":"max-image-preview:large","max-video-preview":"max-video-preview:-1"},"canonical":"https:\/\/tremezzina.visitlakecomo.info\/fr\/territoire\/ile-comacina","og_locale":"fr_FR","og_type":"article","og_title":"\u00cele Comacina: histoire et nature sur le Lac de C\u00f4me","og_description":"D\u00e9couvrez l\u2019\u00eele Comacina, la seule \u00eele du lac de C\u00f4me: un lieu charg\u00e9 d\u2019histoire, d\u2019art et de paysages naturels enchanteurs.","og_url":"https:\/\/tremezzina.visitlakecomo.info\/fr\/territoire\/ile-comacina","og_site_name":"Visit Tremezzina","article_modified_time":"2025-06-23T14:46:38+00:00","twitter_card":"summary_large_image","schema":{"@context":"https:\/\/schema.org","@graph":[{"@type":"WebPage","@id":"https:\/\/tremezzina.visitlakecomo.info\/fr\/territoire\/ile-comacina","url":"https:\/\/tremezzina.visitlakecomo.info\/fr\/territoire\/ile-comacina","name":"\u00cele Comacina: histoire et nature sur le Lac de C\u00f4me","isPartOf":{"@id":"https:\/\/tremezzina.visitlakecomo.info\/#website"},"datePublished":"2025-05-15T08:36:46+00:00","dateModified":"2025-06-23T14:46:38+00:00","description":"D\u00e9couvrez l\u2019\u00eele Comacina, la seule \u00eele du lac de C\u00f4me: un lieu charg\u00e9 d\u2019histoire, d\u2019art et de paysages naturels enchanteurs.","breadcrumb":{"@id":"https:\/\/tremezzina.visitlakecomo.info\/fr\/territoire\/ile-comacina#breadcrumb"},"inLanguage":"fr-FR","potentialAction":[{"@type":"ReadAction","target":["https:\/\/tremezzina.visitlakecomo.info\/fr\/territoire\/ile-comacina"]}]},{"@type":"BreadcrumbList","@id":"https:\/\/tremezzina.visitlakecomo.info\/fr\/territoire\/ile-comacina#breadcrumb","itemListElement":[{"@type":"ListItem","position":1,"name":"Home","item":"https:\/\/tremezzina.visitlakecomo.info\/fr"},{"@type":"ListItem","position":2,"name":"Territoire","item":"https:\/\/tremezzina.visitlakecomo.info\/fr\/territoire"},{"@type":"ListItem","position":3,"name":"\u00cele Comacina"}]},{"@type":"WebSite","@id":"https:\/\/tremezzina.visitlakecomo.info\/#website","url":"https:\/\/tremezzina.visitlakecomo.info\/","name":"Visit Tremezzina","description":"","potentialAction":[{"@type":"SearchAction","target":{"@type":"EntryPoint","urlTemplate":"https:\/\/tremezzina.visitlakecomo.info\/?s={search_term_string}"},"query-input":{"@type":"PropertyValueSpecification","valueRequired":true,"valueName":"search_term_string"}}],"inLanguage":"fr-FR"}]}},"_links":{"self":[{"href":"https:\/\/tremezzina.visitlakecomo.info\/fr\/wp-json\/wp\/v2\/pages\/1808","targetHints":{"allow":["GET"]}}],"collection":[{"href":"https:\/\/tremezzina.visitlakecomo.info\/fr\/wp-json\/wp\/v2\/pages"}],"about":[{"href":"https:\/\/tremezzina.visitlakecomo.info\/fr\/wp-json\/wp\/v2\/types\/page"}],"author":[{"embeddable":true,"href":"https:\/\/tremezzina.visitlakecomo.info\/fr\/wp-json\/wp\/v2\/users\/1"}],"replies":[{"embeddable":true,"href":"https:\/\/tremezzina.visitlakecomo.info\/fr\/wp-json\/wp\/v2\/comments?post=1808"}],"version-history":[{"count":1,"href":"https:\/\/tremezzina.visitlakecomo.info\/fr\/wp-json\/wp\/v2\/pages\/1808\/revisions"}],"predecessor-version":[{"id":1809,"href":"https:\/\/tremezzina.visitlakecomo.info\/fr\/wp-json\/wp\/v2\/pages\/1808\/revisions\/1809"}],"up":[{"embeddable":true,"href":"https:\/\/tremezzina.visitlakecomo.info\/fr\/wp-json\/wp\/v2\/pages\/1768"}],"wp:attachment":[{"href":"https:\/\/tremezzina.visitlakecomo.info\/fr\/wp-json\/wp\/v2\/media?parent=1808"}],"curies":[{"name":"wp","href":"https:\/\/api.w.org\/{rel}","templated":true}]}}