{"id":32,"date":"2025-04-12T10:31:17","date_gmt":"2025-04-12T10:31:17","guid":{"rendered":"https:\/\/tremezzina.visitlakecomo.info\/?page_id=32"},"modified":"2025-06-23T14:46:31","modified_gmt":"2025-06-23T14:46:31","slug":"homepage","status":"publish","type":"page","link":"https:\/\/tremezzina.visitlakecomo.info\/fr","title":{"rendered":"Page d\u2019accueil"},"content":{"rendered":"<p><b>Tremezzina<\/b> est un village romantique qui s\u2019ouvre sur la rive ouest du <b>Lac de C\u00f4me<\/b>: un m\u00e9lange de <b>hameaux<\/b> authentiques, de <b>villas<\/b> de r\u00eave et de paysages enchanteurs \u00e0 chaque saison. \u00c0 Tremezzina, vous pourrez visiter la <b>Villa Carlotta<\/b> et la <b>Villa del Balbianello<\/b>, vous promener sur la <b>Greenway<\/b> du lac, naviguer jusqu\u2019\u00e0 l\u2019<b>\u00eele Comacina<\/b>. Ici, la beaut\u00e9 est un art de vivre, entre art, nature et saveurs qui racontent l\u2019\u00e2me profonde du lac.<\/p>","protected":false},"excerpt":{"rendered":"<p>Tremezzina est un village romantique qui s\u2019ouvre sur la rive ouest du Lac de C\u00f4me: un m\u00e9lange de hameaux authentiques, de villas de r\u00eave et de paysages enchanteurs \u00e0 chaque saison. \u00c0 Tremezzina, vous pourrez visiter la Villa Carlotta et la Villa del Balbianello, vous promener sur la Greenway du lac, naviguer jusqu\u2019\u00e0 l\u2019\u00eele Comacina. &hellip;<\/p>\n","protected":false},"author":1,"featured_media":0,"parent":0,"menu_order":0,"comment_status":"closed","ping_status":"closed","template":"page-templates\/homepage.php","meta":{"_acf_changed":false,"inline_featured_image":false,"footnotes":""},"class_list":["post-32","page","type-page","status-publish","hentry"],"acf":[],"yoast_head":"<!-- This site is optimized with the Yoast SEO plugin v25.2 - https:\/\/yoast.com\/wordpress\/plugins\/seo\/ -->\n<title>Visit Tremezzina<\/title>\n<meta name=\"robots\" content=\"index, follow, max-snippet:-1, max-image-preview:large, max-video-preview:-1\" \/>\n<link rel=\"canonical\" href=\"https:\/\/tremezzina.visitlakecomo.info\/fr\" \/>\n<meta property=\"og:locale\" content=\"fr_FR\" \/>\n<meta property=\"og:type\" content=\"article\" \/>\n<meta property=\"og:title\" content=\"Visit Tremezzina\" \/>\n<meta property=\"og:description\" content=\"Tremezzina est un village romantique qui s\u2019ouvre sur la rive ouest du Lac de C\u00f4me: un m\u00e9lange de hameaux authentiques, de villas de r\u00eave et de paysages enchanteurs \u00e0 chaque saison. \u00c0 Tremezzina, vous pourrez visiter la Villa Carlotta et la Villa del Balbianello, vous promener sur la Greenway du lac, naviguer jusqu\u2019\u00e0 l\u2019\u00eele Comacina. &hellip;\" \/>\n<meta property=\"og:url\" content=\"https:\/\/tremezzina.visitlakecomo.info\/fr\" \/>\n<meta property=\"og:site_name\" content=\"Visit Tremezzina\" \/>\n<meta property=\"article:modified_time\" content=\"2025-06-23T14:46:31+00:00\" \/>\n<meta name=\"twitter:card\" content=\"summary_large_image\" \/>\n<script type=\"application\/ld+json\" class=\"yoast-schema-graph\">{\"@context\":\"https:\/\/schema.org\",\"@graph\":[{\"@type\":\"WebPage\",\"@id\":\"https:\/\/tremezzina.visitlakecomo.info\/fr\",\"url\":\"https:\/\/tremezzina.visitlakecomo.info\/fr\",\"name\":\"Visit Tremezzina\",\"isPartOf\":{\"@id\":\"https:\/\/tremezzina.visitlakecomo.info\/#website\"},\"datePublished\":\"2025-04-12T10:31:17+00:00\",\"dateModified\":\"2025-06-23T14:46:31+00:00\",\"breadcrumb\":{\"@id\":\"https:\/\/tremezzina.visitlakecomo.info\/fr#breadcrumb\"},\"inLanguage\":\"fr-FR\",\"potentialAction\":[{\"@type\":\"ReadAction\",\"target\":[\"https:\/\/tremezzina.visitlakecomo.info\/fr\"]}]},{\"@type\":\"BreadcrumbList\",\"@id\":\"https:\/\/tremezzina.visitlakecomo.info\/fr#breadcrumb\",\"itemListElement\":[{\"@type\":\"ListItem\",\"position\":1,\"name\":\"Home\",\"item\":\"https:\/\/tremezzina.visitlakecomo.info\/fr\"},{\"@type\":\"ListItem\",\"position\":2,\"name\":\"Page d\u2019accueil\"}]},{\"@type\":\"WebSite\",\"@id\":\"https:\/\/tremezzina.visitlakecomo.info\/#website\",\"url\":\"https:\/\/tremezzina.visitlakecomo.info\/\",\"name\":\"Visit Tremezzina\",\"description\":\"\",\"potentialAction\":[{\"@type\":\"SearchAction\",\"target\":{\"@type\":\"EntryPoint\",\"urlTemplate\":\"https:\/\/tremezzina.visitlakecomo.info\/?s={search_term_string}\"},\"query-input\":{\"@type\":\"PropertyValueSpecification\",\"valueRequired\":true,\"valueName\":\"search_term_string\"}}],\"inLanguage\":\"fr-FR\"}]}<\/script>\n<!-- \/ Yoast SEO plugin. -->","yoast_head_json":{"title":"Visit Tremezzina","robots":{"index":"index","follow":"follow","max-snippet":"max-snippet:-1","max-image-preview":"max-image-preview:large","max-video-preview":"max-video-preview:-1"},"canonical":"https:\/\/tremezzina.visitlakecomo.info\/fr","og_locale":"fr_FR","og_type":"article","og_title":"Visit Tremezzina","og_description":"Tremezzina est un village romantique qui s\u2019ouvre sur la rive ouest du Lac de C\u00f4me: un m\u00e9lange de hameaux authentiques, de villas de r\u00eave et de paysages enchanteurs \u00e0 chaque saison. \u00c0 Tremezzina, vous pourrez visiter la Villa Carlotta et la Villa del Balbianello, vous promener sur la Greenway du lac, naviguer jusqu\u2019\u00e0 l\u2019\u00eele Comacina. &hellip;","og_url":"https:\/\/tremezzina.visitlakecomo.info\/fr","og_site_name":"Visit Tremezzina","article_modified_time":"2025-06-23T14:46:31+00:00","twitter_card":"summary_large_image","schema":{"@context":"https:\/\/schema.org","@graph":[{"@type":"WebPage","@id":"https:\/\/tremezzina.visitlakecomo.info\/fr","url":"https:\/\/tremezzina.visitlakecomo.info\/fr","name":"Visit Tremezzina","isPartOf":{"@id":"https:\/\/tremezzina.visitlakecomo.info\/#website"},"datePublished":"2025-04-12T10:31:17+00:00","dateModified":"2025-06-23T14:46:31+00:00","breadcrumb":{"@id":"https:\/\/tremezzina.visitlakecomo.info\/fr#breadcrumb"},"inLanguage":"fr-FR","potentialAction":[{"@type":"ReadAction","target":["https:\/\/tremezzina.visitlakecomo.info\/fr"]}]},{"@type":"BreadcrumbList","@id":"https:\/\/tremezzina.visitlakecomo.info\/fr#breadcrumb","itemListElement":[{"@type":"ListItem","position":1,"name":"Home","item":"https:\/\/tremezzina.visitlakecomo.info\/fr"},{"@type":"ListItem","position":2,"name":"Page d\u2019accueil"}]},{"@type":"WebSite","@id":"https:\/\/tremezzina.visitlakecomo.info\/#website","url":"https:\/\/tremezzina.visitlakecomo.info\/","name":"Visit Tremezzina","description":"","potentialAction":[{"@type":"SearchAction","target":{"@type":"EntryPoint","urlTemplate":"https:\/\/tremezzina.visitlakecomo.info\/?s={search_term_string}"},"query-input":{"@type":"PropertyValueSpecification","valueRequired":true,"valueName":"search_term_string"}}],"inLanguage":"fr-FR"}]}},"_links":{"self":[{"href":"https:\/\/tremezzina.visitlakecomo.info\/fr\/wp-json\/wp\/v2\/pages\/32","targetHints":{"allow":["GET"]}}],"collection":[{"href":"https:\/\/tremezzina.visitlakecomo.info\/fr\/wp-json\/wp\/v2\/pages"}],"about":[{"href":"https:\/\/tremezzina.visitlakecomo.info\/fr\/wp-json\/wp\/v2\/types\/page"}],"author":[{"embeddable":true,"href":"https:\/\/tremezzina.visitlakecomo.info\/fr\/wp-json\/wp\/v2\/users\/1"}],"replies":[{"embeddable":true,"href":"https:\/\/tremezzina.visitlakecomo.info\/fr\/wp-json\/wp\/v2\/comments?post=32"}],"version-history":[{"count":3,"href":"https:\/\/tremezzina.visitlakecomo.info\/fr\/wp-json\/wp\/v2\/pages\/32\/revisions"}],"predecessor-version":[{"id":1767,"href":"https:\/\/tremezzina.visitlakecomo.info\/fr\/wp-json\/wp\/v2\/pages\/32\/revisions\/1767"}],"wp:attachment":[{"href":"https:\/\/tremezzina.visitlakecomo.info\/fr\/wp-json\/wp\/v2\/media?parent=32"}],"curies":[{"name":"wp","href":"https:\/\/api.w.org\/{rel}","templated":true}]}}